{"id":204,"date":"2025-10-18T23:06:18","date_gmt":"2025-10-18T21:06:18","guid":{"rendered":"https:\/\/www.iclick.university\/?page_id=204"},"modified":"2025-10-19T23:54:58","modified_gmt":"2025-10-19T21:54:58","slug":"associate-of-business-administration-2-2","status":"publish","type":"page","link":"https:\/\/www.iclick.university\/es\/associate-of-business-administration-2-2\/","title":{"rendered":"Master of Science in Human Resource Management"},"content":{"rendered":"\t\t<div data-elementor-type=\"wp-page\" data-elementor-id=\"204\" class=\"elementor elementor-204\" data-elementor-post-type=\"page\">\n\t\t\t\t<div class=\"elementor-element elementor-element-cd854a5 e-flex e-con-boxed e-con e-parent\" data-id=\"cd854a5\" data-element_type=\"container\" data-settings=\"{&quot;background_background&quot;:&quot;classic&quot;}\">\n\t\t\t\t\t<div class=\"e-con-inner\">\n\t\t<div class=\"elementor-element elementor-element-09ccfbf e-flex e-con-boxed e-con e-child\" data-id=\"09ccfbf\" data-element_type=\"container\">\n\t\t\t\t\t<div class=\"e-con-inner\">\n\t\t\t\t<div class=\"elementor-element elementor-element-fa2fa05 elementor-widget elementor-widget-heading\" data-id=\"fa2fa05\" data-element_type=\"widget\" data-widget_type=\"heading.default\">\n\t\t\t\t\t<h2 class=\"elementor-heading-title elementor-size-default\">Master of Science in Human Resource Management<\/h2>\t\t\t\t<\/div>\n\t\t\t\t\t<\/div>\n\t\t\t\t<\/div>\n\t\t\t\t\t<\/div>\n\t\t\t\t<\/div>\n\t\t<div class=\"elementor-element elementor-element-5d98aae e-flex e-con-boxed e-con e-parent\" data-id=\"5d98aae\" data-element_type=\"container\">\n\t\t\t\t\t<div class=\"e-con-inner\">\n\t\t<div class=\"elementor-element elementor-element-5a66fc4 e-con-full e-flex e-con e-child\" data-id=\"5a66fc4\" data-element_type=\"container\">\n\t\t\t\t<div class=\"elementor-element elementor-element-e45ac76 elementor-widget elementor-widget-heading\" data-id=\"e45ac76\" data-element_type=\"widget\" data-widget_type=\"heading.default\">\n\t\t\t\t\t<h2 class=\"elementor-heading-title elementor-size-default\">Descripci\u00f3n del Programa<\/h2>\t\t\t\t<\/div>\n\t\t\t\t<div class=\"elementor-element elementor-element-9f33a51 elementor-widget elementor-widget-text-editor\" data-id=\"9f33a51\" data-element_type=\"widget\" data-widget_type=\"text-editor.default\">\n\t\t\t\t\t\t\t\t\t<p class=\"ds-markdown-paragraph\">El programa est\u00e1 dise\u00f1ado para preparar profesionales con conocimientos avanzados y habilidades pr\u00e1cticas en la gesti\u00f3n de recursos humanos, centr\u00e1ndose en las estrategias y herramientas necesarias para atraer, retener y gestionar el talento en organizaciones din\u00e1micas y diversas. Los estudiantes desarrollar\u00e1n competencias cr\u00edticas en \u00e1reas clave como la selecci\u00f3n de personal, la administraci\u00f3n de compensaciones y beneficios, y la gesti\u00f3n de relaciones laborales, equip\u00e1ndolos para liderar iniciativas estrat\u00e9gicas que promuevan el \u00e9xito organizacional.<\/p>\n<p class=\"ds-markdown-paragraph\">Nuestro programa de maestr\u00eda ofrece especializaci\u00f3n en tres \u00e1reas clave, fundamentales para el \u00e9xito profesional de nuestros graduados:<\/p>\t\t\t\t\t\t\t\t<\/div>\n\t\t\t\t<div class=\"elementor-element elementor-element-a88473f elementor-widget elementor-widget-text-editor\" data-id=\"a88473f\" data-element_type=\"widget\" data-widget_type=\"text-editor.default\">\n\t\t\t\t\t\t\t\t\t<ul>\n<li>\n<p><strong>Concentraci\u00f3n en Reclutamiento y Selecci\u00f3n de Personal<\/strong><\/p>\n<p>Centrada en identificar, evaluar y contratar el talento adecuado para las organizaciones, esta concentraci\u00f3n cubre estrategias modernas de reclutamiento, t\u00e9cnicas avanzadas de entrevista y el uso de herramientas digitales y anal\u00edticas para mejorar los procesos de selecci\u00f3n. Los estudiantes adquirir\u00e1n las habilidades para dise\u00f1ar y ejecutar estrategias de reclutamiento inclusivas y efectivas alineadas con los objetivos organizacionales.<\/p>\n<\/li>\n<li>\n<p><strong>Concentraci\u00f3n en Compensaci\u00f3n y Beneficios<\/strong><\/p>\n<p>Esta concentraci\u00f3n explora los principios del dise\u00f1o y la gesti\u00f3n de programas de compensaci\u00f3n y beneficios. Los estudiantes aprender\u00e1n a estructurar sistemas equitativos y competitivos, realizar an\u00e1lisis de mercado salarial y desarrollar estrategias para fomentar el desempe\u00f1o y la satisfacci\u00f3n laboral. Adem\u00e1s, se enfoca en el cumplimiento normativo y la gesti\u00f3n fiscal relacionada con la compensaci\u00f3n.<\/p>\n<\/li>\n<li>\n<p><strong>Concentraci\u00f3n en Relaciones Laborales<\/strong><\/p>\n<p>Centrada en gestionar las relaciones entre empleadores y empleados, esta concentraci\u00f3n aborda la negociaci\u00f3n colectiva, la resoluci\u00f3n de disputas laborales y el cumplimiento de las normativas laborales. Los estudiantes desarrollar\u00e1n una comprensi\u00f3n profunda de los entornos legales y regulatorios, as\u00ed como las habilidades necesarias para promover un entorno laboral colaborativo y justo.<\/p>\n<\/li>\n<\/ul>\t\t\t\t\t\t\t\t<\/div>\n\t\t\t\t<\/div>\n\t\t\t\t\t<\/div>\n\t\t\t\t<\/div>\n\t\t<div class=\"elementor-element elementor-element-bca7576 e-flex e-con-boxed e-con e-parent\" data-id=\"bca7576\" data-element_type=\"container\">\n\t\t\t\t\t<div class=\"e-con-inner\">\n\t\t<div class=\"elementor-element elementor-element-5e6114e e-con-full e-flex e-con e-child\" data-id=\"5e6114e\" data-element_type=\"container\">\n\t\t\t\t<div class=\"elementor-element elementor-element-a6ac989 elementor-widget elementor-widget-heading\" data-id=\"a6ac989\" data-element_type=\"widget\" data-widget_type=\"heading.default\">\n\t\t\t\t\t<h2 class=\"elementor-heading-title elementor-size-default\">Objetivos del Programa<\/h2>\t\t\t\t<\/div>\n\t\t\t\t<div class=\"elementor-element elementor-element-70d5d64 elementor-widget elementor-widget-text-editor\" data-id=\"70d5d64\" data-element_type=\"widget\" data-widget_type=\"text-editor.default\">\n\t\t\t\t\t\t\t\t\t<p class=\"ds-markdown-paragraph\">Los graduados de la Maestr\u00eda estar\u00e1n en capacidad de:<\/p>\n<ul>\n<li>\n<p class=\"ds-markdown-paragraph\">Proporcionar un marco conceptual s\u00f3lido y herramientas pr\u00e1cticas en la gesti\u00f3n estrat\u00e9gica de recursos humanos.<\/p>\n<\/li>\n<li>\n<p class=\"ds-markdown-paragraph\">Desarrollar habilidades avanzadas para dise\u00f1ar, implementar y evaluar pol\u00edticas y pr\u00e1cticas de recursos humanos.<\/p>\n<\/li>\n<li>\n<p class=\"ds-markdown-paragraph\">Capacitar a los estudiantes para resolver problemas complejos en la gesti\u00f3n de personal mediante un enfoque \u00e9tico y basado en datos.<\/p>\n<\/li>\n<li>\n<p class=\"ds-markdown-paragraph\">Fomentar el liderazgo y la innovaci\u00f3n en el desarrollo y gesti\u00f3n del talento organizacional.<\/p>\n<\/li>\n<li>\n<p class=\"ds-markdown-paragraph\">Preparar graduados para desempe\u00f1arse en roles de alta direcci\u00f3n y consultor\u00eda en recursos humanos.<\/p>\n<\/li>\n<\/ul>\t\t\t\t\t\t\t\t<\/div>\n\t\t\t\t<div class=\"elementor-element elementor-element-28d5eaa elementor-widget elementor-widget-button\" data-id=\"28d5eaa\" data-element_type=\"widget\" data-widget_type=\"button.default\">\n\t\t\t\t\t\t\t\t\t\t<a class=\"elementor-button elementor-button-link elementor-size-sm\" href=\"#cta\">\n\t\t\t\t\t\t<span class=\"elementor-button-content-wrapper\">\n\t\t\t\t\t\t\t\t\t<span class=\"elementor-button-text\">Ver mas <\/span>\n\t\t\t\t\t<\/span>\n\t\t\t\t\t<\/a>\n\t\t\t\t\t\t\t\t<\/div>\n\t\t\t\t<\/div>\n\t\t<div class=\"elementor-element elementor-element-e8db7d6 e-con-full e-flex e-con e-child\" data-id=\"e8db7d6\" data-element_type=\"container\">\n\t\t\t\t<div class=\"elementor-element elementor-element-137407a elementor-widget elementor-widget-image\" data-id=\"137407a\" data-element_type=\"widget\" data-settings=\"{&quot;sticky&quot;:&quot;top&quot;,&quot;sticky_offset&quot;:10,&quot;sticky_effects_offset&quot;:10,&quot;sticky_parent&quot;:&quot;yes&quot;,&quot;sticky_on&quot;:[&quot;desktop&quot;,&quot;tablet&quot;,&quot;mobile&quot;],&quot;sticky_anchor_link_offset&quot;:0}\" data-widget_type=\"image.default\">\n\t\t\t\t\t\t\t\t\t\t\t\t\t\t\t<img fetchpriority=\"high\" decoding=\"async\" width=\"800\" height=\"450\" src=\"https:\/\/www.iclick.university\/wp-content\/uploads\/2025\/10\/shutterstock_2552026011-1024x576.webp\" class=\"attachment-large size-large wp-image-127\" alt=\"\" srcset=\"https:\/\/www.iclick.university\/wp-content\/uploads\/2025\/10\/shutterstock_2552026011-1024x576.webp 1024w, https:\/\/www.iclick.university\/wp-content\/uploads\/2025\/10\/shutterstock_2552026011-300x169.webp 300w, https:\/\/www.iclick.university\/wp-content\/uploads\/2025\/10\/shutterstock_2552026011-768x432.webp 768w, https:\/\/www.iclick.university\/wp-content\/uploads\/2025\/10\/shutterstock_2552026011-1536x864.webp 1536w, https:\/\/www.iclick.university\/wp-content\/uploads\/2025\/10\/shutterstock_2552026011.webp 1920w\" sizes=\"(max-width: 800px) 100vw, 800px\" \/>\t\t\t\t\t\t\t\t\t\t\t\t\t\t\t<\/div>\n\t\t\t\t<\/div>\n\t\t\t\t\t<\/div>\n\t\t\t\t<\/div>\n\t\t<div class=\"elementor-element elementor-element-0db668f e-flex e-con-boxed e-con e-parent\" data-id=\"0db668f\" data-element_type=\"container\">\n\t\t\t\t\t<div class=\"e-con-inner\">\n\t\t\t\t<div class=\"elementor-element elementor-element-a8d168e elementor-widget elementor-widget-heading\" data-id=\"a8d168e\" data-element_type=\"widget\" data-widget_type=\"heading.default\">\n\t\t\t\t\t<h2 class=\"elementor-heading-title elementor-size-default\">Estructura del Programa\n\n<\/h2>\t\t\t\t<\/div>\n\t\t\t\t<div class=\"elementor-element elementor-element-ae06346 elementor-widget elementor-widget-html\" data-id=\"ae06346\" data-element_type=\"widget\" data-widget_type=\"html.default\">\n\t\t\t\t\t<style>\n    \n    \/* \u2014\u2014\u2014  Base table look (desktop & tablet)  \u2014\u2014\u2014 *\/\ntable {\n  width: 100%;\n  border-collapse: collapse;\n  margin: 20px 0;\n  font-family: 'Roboto', 'Helvetica Neue', Arial, sans-serif;\n  font-size: 16px;\n  color: #333;\n  box-shadow: 0 2px 6px rgba(0, 0, 0, 0.1);\n}\n\ntable thead tr,\ntable tr:first-child {              \/* header row *\/\n  background-color: #021B52;        \/* site\u2019s maroon accent *\/\n  color: #ffffff !important;                      \/* <<< white text per request *\/\n  text-align: left;\n  font-weight: 700;\n}\n\ntable thead tr span,\ntable tr:first-child span {          \n  color: #ffffff;                     \n}\n\ntable th,\ntable td {\n  padding: 12px 15px;\n  border: 1px solid #ddd;\n}\n\ntable tr:nth-child(even) {\n  background-color: #f9f9f9;\n}\n\ntable tr:hover {\n  background-color: #f1f1f1;\n}\n\ntable caption {\n  font-size: 1.3em;\n  margin: 10px 0;\n  font-weight: 500;\n  color: #444;\n}\n\n\/* Highlight \u201cSub\u2011Total\u201d or similar rows *\/\ntable tr td b {\n  color: #800020;\n}\n\n\/* \u2014\u2014\u2014  Mobile optimisation  \u2014\u2014\u2014 *\/\n@media (max-width: 768px) {\n  .table-responsive {\n    width: 100%;\n    overflow-x: auto;   \/* enables sideways scroll if needed *\/\n    -webkit-overflow-scrolling: touch;\n  }\n\n  table {\n    font-size: 14px;     \/* slightly smaller text on small screens *\/\n    min-width: 600px;    \/* keeps columns readable; scroll handles overflow *\/\n  }\n\n  table th,\n  table td {\n    padding: 10px 12px;\n  }\n}\n\n    \n<\/style>\t\t\t\t<\/div>\n\t\t\t\t<div class=\"elementor-element elementor-element-8e79716 e-n-tabs-mobile elementor-widget elementor-widget-n-tabs\" data-id=\"8e79716\" data-element_type=\"widget\" data-widget_type=\"nested-tabs.default\">\n\t\t\t\t\t\t\t<div class=\"e-n-tabs\" data-widget-number=\"149395222\" aria-label=\"Pesta\u00f1as. Abre elementos con Intro o Espacio, ci\u00e9rralos con Escape y navega con las fechas.\">\n\t\t\t<div class=\"e-n-tabs-heading\" role=\"tablist\">\n\t\t\t\t\t<button id=\"e-n-tab-title-1493952221\" class=\"e-n-tab-title\" aria-selected=\"true\" data-tab-index=\"1\" role=\"tab\" tabindex=\"0\" aria-controls=\"e-n-tab-content-1493952221\" style=\"--n-tabs-title-order: 1;\">\n\t\t\t\t\t\t<span class=\"e-n-tab-title-text\">\n\t\t\t\tCURSOS B\u00c1SICOS OBLIGATORIOS\t\t\t<\/span>\n\t\t<\/button>\n\t\t\t\t\t<\/div>\n\t\t\t<div class=\"e-n-tabs-content\">\n\t\t\t\t<div id=\"e-n-tab-content-1493952221\" role=\"tabpanel\" aria-labelledby=\"e-n-tab-title-1493952221\" data-tab-index=\"1\" style=\"--n-tabs-title-order: 1;\" class=\"e-active elementor-element elementor-element-0dfa7e3 e-con-full e-flex e-con e-child\" data-id=\"0dfa7e3\" data-element_type=\"container\">\n\t\t\t\t<div class=\"elementor-element elementor-element-c0c7e3a elementor-widget elementor-widget-text-editor\" data-id=\"c0c7e3a\" data-element_type=\"widget\" data-widget_type=\"text-editor.default\">\n\t\t\t\t\t\t\t\t\t<table border=\"1\">\n<thead>\n<tr>\n<th>C\u00f3digo del Curso<\/th>\n<th>Nombre del Curso<\/th>\n<th>Horas Cr\u00e9dito<\/th>\n<\/tr>\n<\/thead>\n<tbody>\n<tr>\n<td style=\"text-align: center; font-weight: bold;\" colspan=\"3\">CURSOS B\u00c1SICOS OBLIGATORIOS<\/td>\n<\/tr>\n<tr>\n<td>HRM510<\/td>\n<td>Gesti\u00f3n de Recursos Humanos y Toma de Decisiones Econ\u00f3micas<\/td>\n<td>3<\/td>\n<\/tr>\n<tr>\n<td>ORG510<\/td>\n<td>Comportamiento Organizacional<\/td>\n<td>3<\/td>\n<\/tr>\n<tr>\n<td>HRM520<\/td>\n<td>Desarrollo del Capital Humano<\/td>\n<td>3<\/td>\n<\/tr>\n<tr>\n<td>ETH510<\/td>\n<td>\u00c9tica en las Relaciones Laborales<\/td>\n<td>3<\/td>\n<\/tr>\n<tr>\n<td>HRM530<\/td>\n<td>Sistemas de Informaci\u00f3n de Recursos Humanos<\/td>\n<td>3<\/td>\n<\/tr>\n<tr>\n<td>HRM540<\/td>\n<td>An\u00e1lisis de Datos en Recursos Humanos<\/td>\n<td>3<\/td>\n<\/tr>\n<tr>\n<td>HRM550<\/td>\n<td>Gesti\u00f3n de Contrataci\u00f3n y Normativas Laborales<\/td>\n<td>3<\/td>\n<\/tr>\n<tr>\n<td>ETH520<\/td>\n<td>An\u00e1lisis de Recursos Humanos y Gesti\u00f3n de Datos<\/td>\n<td>3<\/td>\n<\/tr>\n<tr>\n<td style=\"font-weight: bold;\" colspan=\"2\">Subtotal Cursos B\u00e1sicos<\/td>\n<td style=\"font-weight: bold;\">24<\/td>\n<\/tr>\n<tr>\n<td style=\"text-align: center; font-weight: bold;\" colspan=\"3\">CONCENTRACI\u00d3N EN RECLUTAMIENTO Y SELECCI\u00d3N DE PERSONAL<\/td>\n<\/tr>\n<tr>\n<td>PRS805<\/td>\n<td>Modelos Avanzados de Selecci\u00f3n de Personal<\/td>\n<td>3<\/td>\n<\/tr>\n<tr>\n<td>PRS810<\/td>\n<td>Reclutamiento Internacional<\/td>\n<td>3<\/td>\n<\/tr>\n<tr>\n<td>PRS815<\/td>\n<td>Psicolog\u00eda del Reclutamiento y Selecci\u00f3n<\/td>\n<td>3<\/td>\n<\/tr>\n<tr>\n<td>PRS820<\/td>\n<td>Evaluaci\u00f3n y Selecci\u00f3n Basada en Competencias<\/td>\n<td>3<\/td>\n<\/tr>\n<tr>\n<td style=\"font-weight: bold;\" colspan=\"2\">Subtotal Reclutamiento y Selecci\u00f3n<\/td>\n<td style=\"font-weight: bold;\">12<\/td>\n<\/tr>\n<tr>\n<td style=\"text-align: center; font-weight: bold;\" colspan=\"3\">CONCENTRACI\u00d3N EN COMPENSACI\u00d3N Y BENEFICIOS<\/td>\n<\/tr>\n<tr>\n<td>CMB605<\/td>\n<td>Dise\u00f1o de Planes de Compensaci\u00f3n y Beneficios<\/td>\n<td>3<\/td>\n<\/tr>\n<tr>\n<td>CMB610<\/td>\n<td>Estrategias Globales de Compensaci\u00f3n<\/td>\n<td>3<\/td>\n<\/tr>\n<tr>\n<td>CMB615<\/td>\n<td>Psicolog\u00eda de la Motivaci\u00f3n y Compensaci\u00f3n<\/td>\n<td>3<\/td>\n<\/tr>\n<tr>\n<td>CMB620<\/td>\n<td>Tecnolog\u00eda para la Gesti\u00f3n de Compensaci\u00f3n y Beneficios<\/td>\n<td>3<\/td>\n<\/tr>\n<tr>\n<td style=\"font-weight: bold;\" colspan=\"2\">Subtotal Compensaci\u00f3n y Beneficios<\/td>\n<td style=\"font-weight: bold;\">12<\/td>\n<\/tr>\n<tr>\n<td style=\"text-align: center; font-weight: bold;\" colspan=\"3\">CONCENTRACI\u00d3N EN RELACIONES LABORALES<\/td>\n<\/tr>\n<tr>\n<td>LBR605<\/td>\n<td>Negociaci\u00f3n y Resoluci\u00f3n de Conflictos<\/td>\n<td>3<\/td>\n<\/tr>\n<tr>\n<td>LBR610<\/td>\n<td>Cambios Organizacionales<\/td>\n<td>3<\/td>\n<\/tr>\n<tr>\n<td>LBR615<\/td>\n<td>Psicolog\u00eda Aplicada al Trabajo<\/td>\n<td>3<\/td>\n<\/tr>\n<tr>\n<td>LBR620<\/td>\n<td>Relaciones Laborales en el Comercio Internacional<\/td>\n<td>3<\/td>\n<\/tr>\n<tr>\n<td style=\"font-weight: bold;\" colspan=\"2\">Subtotal Relaciones Laborales<\/td>\n<td style=\"font-weight: bold;\">12<\/td>\n<\/tr>\n<tr>\n<td style=\"font-weight: bold;\" colspan=\"2\">Total de Horas Cr\u00e9dito<\/td>\n<td style=\"font-weight: bold;\">60<\/td>\n<\/tr>\n<\/tbody>\n<\/table>\t\t\t\t\t\t\t\t<\/div>\n\t\t\t\t<\/div>\n\t\t\t\t\t<\/div>\n\t\t<\/div>\n\t\t\t\t\t\t<\/div>\n\t\t\t\t\t<\/div>\n\t\t\t\t<\/div>\n\t\t\t\t<\/div>\n\t\t","protected":false},"excerpt":{"rendered":"<p>Master of Science in Human Resource Management Descripci\u00f3n del Programa El programa est\u00e1 dise\u00f1ado para preparar profesionales con conocimientos avanzados y habilidades pr\u00e1cticas en la gesti\u00f3n de recursos humanos, centr\u00e1ndose en las estrategias y herramientas necesarias para atraer, retener y gestionar el talento en organizaciones din\u00e1micas y diversas. Los estudiantes desarrollar\u00e1n competencias cr\u00edticas en \u00e1reas [&hellip;]<\/p>\n","protected":false},"author":1,"featured_media":0,"parent":0,"menu_order":0,"comment_status":"closed","ping_status":"closed","template":"","meta":{"footnotes":""},"class_list":["post-204","page","type-page","status-publish","hentry"],"yoast_head":"<!-- This site is optimized with the Yoast SEO plugin v26.4 - https:\/\/yoast.com\/wordpress\/plugins\/seo\/ -->\n<title>Master of Science in Human Resource Management - iClick University<\/title>\n<meta name=\"robots\" content=\"noindex, follow, max-snippet:-1, max-image-preview:large, max-video-preview:-1\" \/>\n<meta property=\"og:locale\" content=\"es_ES\" \/>\n<meta property=\"og:type\" content=\"article\" \/>\n<meta property=\"og:title\" content=\"Master of Science in Human Resource Management - iClick University\" \/>\n<meta property=\"og:description\" content=\"Master of Science in Human Resource Management Descripci\u00f3n del Programa El programa est\u00e1 dise\u00f1ado para preparar profesionales con conocimientos avanzados y habilidades pr\u00e1cticas en la gesti\u00f3n de recursos humanos, centr\u00e1ndose en las estrategias y herramientas necesarias para atraer, retener y gestionar el talento en organizaciones din\u00e1micas y diversas. Los estudiantes desarrollar\u00e1n competencias cr\u00edticas en \u00e1reas [&hellip;]\" \/>\n<meta property=\"og:url\" content=\"https:\/\/www.iclick.university\/associate-of-business-administration-2-2\/?lang=es\" \/>\n<meta property=\"og:site_name\" content=\"iClick University\" \/>\n<meta property=\"article:modified_time\" content=\"2025-10-19T21:54:58+00:00\" \/>\n<meta property=\"og:image\" content=\"https:\/\/www.iclick.university\/wp-content\/uploads\/2025\/10\/shutterstock_2552026011.webp\" \/>\n\t<meta property=\"og:image:width\" content=\"1920\" \/>\n\t<meta property=\"og:image:height\" content=\"1080\" \/>\n\t<meta property=\"og:image:type\" content=\"image\/webp\" \/>\n<meta name=\"twitter:card\" content=\"summary_large_image\" \/>\n<meta name=\"twitter:label1\" content=\"Tiempo de lectura\" \/>\n\t<meta name=\"twitter:data1\" content=\"4 minutos\" \/>\n<script type=\"application\/ld+json\" class=\"yoast-schema-graph\">{\"@context\":\"https:\/\/schema.org\",\"@graph\":[{\"@type\":\"WebPage\",\"@id\":\"https:\/\/www.iclick.university\/associate-of-business-administration-2-2\/?lang=es\",\"url\":\"https:\/\/www.iclick.university\/associate-of-business-administration-2-2\/?lang=es\",\"name\":\"Master of Science in Human Resource Management - iClick University\",\"isPartOf\":{\"@id\":\"https:\/\/www.iclick.university\/#website\"},\"primaryImageOfPage\":{\"@id\":\"https:\/\/www.iclick.university\/associate-of-business-administration-2-2\/?lang=es#primaryimage\"},\"image\":{\"@id\":\"https:\/\/www.iclick.university\/associate-of-business-administration-2-2\/?lang=es#primaryimage\"},\"thumbnailUrl\":\"https:\/\/www.iclick.university\/wp-content\/uploads\/2025\/10\/shutterstock_2552026011-1024x576.webp\",\"datePublished\":\"2025-10-18T21:06:18+00:00\",\"dateModified\":\"2025-10-19T21:54:58+00:00\",\"breadcrumb\":{\"@id\":\"https:\/\/www.iclick.university\/associate-of-business-administration-2-2\/?lang=es#breadcrumb\"},\"inLanguage\":\"es\",\"potentialAction\":[{\"@type\":\"ReadAction\",\"target\":[\"https:\/\/www.iclick.university\/associate-of-business-administration-2-2\/?lang=es\"]}]},{\"@type\":\"ImageObject\",\"inLanguage\":\"es\",\"@id\":\"https:\/\/www.iclick.university\/associate-of-business-administration-2-2\/?lang=es#primaryimage\",\"url\":\"https:\/\/www.iclick.university\/wp-content\/uploads\/2025\/10\/shutterstock_2552026011-1024x576.webp\",\"contentUrl\":\"https:\/\/www.iclick.university\/wp-content\/uploads\/2025\/10\/shutterstock_2552026011-1024x576.webp\"},{\"@type\":\"BreadcrumbList\",\"@id\":\"https:\/\/www.iclick.university\/associate-of-business-administration-2-2\/?lang=es#breadcrumb\",\"itemListElement\":[{\"@type\":\"ListItem\",\"position\":1,\"name\":\"Home\",\"item\":\"https:\/\/www.iclick.university\/\"},{\"@type\":\"ListItem\",\"position\":2,\"name\":\"Master of Science in Human Resource Management\"}]},{\"@type\":\"WebSite\",\"@id\":\"https:\/\/www.iclick.university\/#website\",\"url\":\"https:\/\/www.iclick.university\/\",\"name\":\"iClick University\",\"description\":\"\",\"publisher\":{\"@id\":\"https:\/\/www.iclick.university\/#organization\"},\"potentialAction\":[{\"@type\":\"SearchAction\",\"target\":{\"@type\":\"EntryPoint\",\"urlTemplate\":\"https:\/\/www.iclick.university\/?s={search_term_string}\"},\"query-input\":{\"@type\":\"PropertyValueSpecification\",\"valueRequired\":true,\"valueName\":\"search_term_string\"}}],\"inLanguage\":\"es\"},{\"@type\":\"Organization\",\"@id\":\"https:\/\/www.iclick.university\/#organization\",\"name\":\"iClick University\",\"url\":\"https:\/\/www.iclick.university\/\",\"logo\":{\"@type\":\"ImageObject\",\"inLanguage\":\"es\",\"@id\":\"https:\/\/www.iclick.university\/#\/schema\/logo\/image\/\",\"url\":\"https:\/\/www.iclick.university\/wp-content\/uploads\/2025\/11\/logo-icu-2.png\",\"contentUrl\":\"https:\/\/www.iclick.university\/wp-content\/uploads\/2025\/11\/logo-icu-2.png\",\"width\":801,\"height\":516,\"caption\":\"iClick University\"},\"image\":{\"@id\":\"https:\/\/www.iclick.university\/#\/schema\/logo\/image\/\"}}]}<\/script>\n<!-- \/ Yoast SEO plugin. -->","yoast_head_json":{"title":"Master of Science in Human Resource Management - iClick University","robots":{"index":"noindex","follow":"follow","max-snippet":"max-snippet:-1","max-image-preview":"max-image-preview:large","max-video-preview":"max-video-preview:-1"},"og_locale":"es_ES","og_type":"article","og_title":"Master of Science in Human Resource Management - iClick University","og_description":"Master of Science in Human Resource Management Descripci\u00f3n del Programa El programa est\u00e1 dise\u00f1ado para preparar profesionales con conocimientos avanzados y habilidades pr\u00e1cticas en la gesti\u00f3n de recursos humanos, centr\u00e1ndose en las estrategias y herramientas necesarias para atraer, retener y gestionar el talento en organizaciones din\u00e1micas y diversas. Los estudiantes desarrollar\u00e1n competencias cr\u00edticas en \u00e1reas [&hellip;]","og_url":"https:\/\/www.iclick.university\/associate-of-business-administration-2-2\/?lang=es","og_site_name":"iClick University","article_modified_time":"2025-10-19T21:54:58+00:00","og_image":[{"width":1920,"height":1080,"url":"https:\/\/www.iclick.university\/wp-content\/uploads\/2025\/10\/shutterstock_2552026011.webp","type":"image\/webp"}],"twitter_card":"summary_large_image","twitter_misc":{"Tiempo de lectura":"4 minutos"},"schema":{"@context":"https:\/\/schema.org","@graph":[{"@type":"WebPage","@id":"https:\/\/www.iclick.university\/associate-of-business-administration-2-2\/?lang=es","url":"https:\/\/www.iclick.university\/associate-of-business-administration-2-2\/?lang=es","name":"Master of Science in Human Resource Management - iClick University","isPartOf":{"@id":"https:\/\/www.iclick.university\/#website"},"primaryImageOfPage":{"@id":"https:\/\/www.iclick.university\/associate-of-business-administration-2-2\/?lang=es#primaryimage"},"image":{"@id":"https:\/\/www.iclick.university\/associate-of-business-administration-2-2\/?lang=es#primaryimage"},"thumbnailUrl":"https:\/\/www.iclick.university\/wp-content\/uploads\/2025\/10\/shutterstock_2552026011-1024x576.webp","datePublished":"2025-10-18T21:06:18+00:00","dateModified":"2025-10-19T21:54:58+00:00","breadcrumb":{"@id":"https:\/\/www.iclick.university\/associate-of-business-administration-2-2\/?lang=es#breadcrumb"},"inLanguage":"es","potentialAction":[{"@type":"ReadAction","target":["https:\/\/www.iclick.university\/associate-of-business-administration-2-2\/?lang=es"]}]},{"@type":"ImageObject","inLanguage":"es","@id":"https:\/\/www.iclick.university\/associate-of-business-administration-2-2\/?lang=es#primaryimage","url":"https:\/\/www.iclick.university\/wp-content\/uploads\/2025\/10\/shutterstock_2552026011-1024x576.webp","contentUrl":"https:\/\/www.iclick.university\/wp-content\/uploads\/2025\/10\/shutterstock_2552026011-1024x576.webp"},{"@type":"BreadcrumbList","@id":"https:\/\/www.iclick.university\/associate-of-business-administration-2-2\/?lang=es#breadcrumb","itemListElement":[{"@type":"ListItem","position":1,"name":"Home","item":"https:\/\/www.iclick.university\/"},{"@type":"ListItem","position":2,"name":"Master of Science in Human Resource Management"}]},{"@type":"WebSite","@id":"https:\/\/www.iclick.university\/#website","url":"https:\/\/www.iclick.university\/","name":"iClick University","description":"","publisher":{"@id":"https:\/\/www.iclick.university\/#organization"},"potentialAction":[{"@type":"SearchAction","target":{"@type":"EntryPoint","urlTemplate":"https:\/\/www.iclick.university\/?s={search_term_string}"},"query-input":{"@type":"PropertyValueSpecification","valueRequired":true,"valueName":"search_term_string"}}],"inLanguage":"es"},{"@type":"Organization","@id":"https:\/\/www.iclick.university\/#organization","name":"iClick University","url":"https:\/\/www.iclick.university\/","logo":{"@type":"ImageObject","inLanguage":"es","@id":"https:\/\/www.iclick.university\/#\/schema\/logo\/image\/","url":"https:\/\/www.iclick.university\/wp-content\/uploads\/2025\/11\/logo-icu-2.png","contentUrl":"https:\/\/www.iclick.university\/wp-content\/uploads\/2025\/11\/logo-icu-2.png","width":801,"height":516,"caption":"iClick University"},"image":{"@id":"https:\/\/www.iclick.university\/#\/schema\/logo\/image\/"}}]}},"_links":{"self":[{"href":"https:\/\/www.iclick.university\/es\/wp-json\/wp\/v2\/pages\/204","targetHints":{"allow":["GET"]}}],"collection":[{"href":"https:\/\/www.iclick.university\/es\/wp-json\/wp\/v2\/pages"}],"about":[{"href":"https:\/\/www.iclick.university\/es\/wp-json\/wp\/v2\/types\/page"}],"author":[{"embeddable":true,"href":"https:\/\/www.iclick.university\/es\/wp-json\/wp\/v2\/users\/1"}],"replies":[{"embeddable":true,"href":"https:\/\/www.iclick.university\/es\/wp-json\/wp\/v2\/comments?post=204"}],"version-history":[{"count":4,"href":"https:\/\/www.iclick.university\/es\/wp-json\/wp\/v2\/pages\/204\/revisions"}],"predecessor-version":[{"id":339,"href":"https:\/\/www.iclick.university\/es\/wp-json\/wp\/v2\/pages\/204\/revisions\/339"}],"wp:attachment":[{"href":"https:\/\/www.iclick.university\/es\/wp-json\/wp\/v2\/media?parent=204"}],"curies":[{"name":"wp","href":"https:\/\/api.w.org\/{rel}","templated":true}]}}