{"id":203,"date":"2025-10-18T23:06:18","date_gmt":"2025-10-18T21:06:18","guid":{"rendered":"https:\/\/www.iclick.university\/?page_id=203"},"modified":"2025-10-19T23:47:03","modified_gmt":"2025-10-19T21:47:03","slug":"associate-of-business-administration-4","status":"publish","type":"page","link":"https:\/\/www.iclick.university\/es\/associate-of-business-administration-4\/","title":{"rendered":"Master of Business Administration"},"content":{"rendered":"\t\t<div data-elementor-type=\"wp-page\" data-elementor-id=\"203\" class=\"elementor elementor-203\" data-elementor-post-type=\"page\">\n\t\t\t\t<div class=\"elementor-element elementor-element-cd854a5 e-flex e-con-boxed e-con e-parent\" data-id=\"cd854a5\" data-element_type=\"container\" data-settings=\"{&quot;background_background&quot;:&quot;classic&quot;}\">\n\t\t\t\t\t<div class=\"e-con-inner\">\n\t\t\t\t<div class=\"elementor-element elementor-element-6df2a24 elementor-widget elementor-widget-heading\" data-id=\"6df2a24\" data-element_type=\"widget\" data-widget_type=\"heading.default\">\n\t\t\t\t\t<h2 class=\"elementor-heading-title elementor-size-default\">Master of Business Administration<\/h2>\t\t\t\t<\/div>\n\t\t\t\t\t<\/div>\n\t\t\t\t<\/div>\n\t\t<div class=\"elementor-element elementor-element-5d98aae e-flex e-con-boxed e-con e-parent\" data-id=\"5d98aae\" data-element_type=\"container\">\n\t\t\t\t\t<div class=\"e-con-inner\">\n\t\t<div class=\"elementor-element elementor-element-5a66fc4 e-con-full e-flex e-con e-child\" data-id=\"5a66fc4\" data-element_type=\"container\">\n\t\t\t\t<div class=\"elementor-element elementor-element-f6fcb53 elementor-widget elementor-widget-heading\" data-id=\"f6fcb53\" data-element_type=\"widget\" data-widget_type=\"heading.default\">\n\t\t\t\t\t<h2 class=\"elementor-heading-title elementor-size-default\">Descripci\u00f3n del Programa<\/h2>\t\t\t\t<\/div>\n\t\t\t\t<div class=\"elementor-element elementor-element-9f33a51 elementor-widget elementor-widget-text-editor\" data-id=\"9f33a51\" data-element_type=\"widget\" data-widget_type=\"text-editor.default\">\n\t\t\t\t\t\t\t\t\t<p class=\"ds-markdown-paragraph\">El Master of Business Administration es un programa dise\u00f1ado para formar l\u00edderes empresariales con un enfoque multidisciplinario, capaces de gestionar y dirigir proyectos, operaciones y estrategias en un entorno empresarial din\u00e1mico. Los estudiantes desarrollar\u00e1n habilidades anal\u00edticas, estrat\u00e9gicas y de liderazgo, prepar\u00e1ndose para enfrentar los desaf\u00edos actuales y futuros en el mercado global.<\/p><p class=\"ds-markdown-paragraph\">Nuestro programa de maestr\u00eda ofrece especializaci\u00f3n en tres \u00e1reas clave, fundamentales para el \u00e9xito profesional de nuestros graduados:<\/p>\t\t\t\t\t\t\t\t<\/div>\n\t\t\t\t<div class=\"elementor-element elementor-element-ba55dc6 elementor-widget elementor-widget-text-editor\" data-id=\"ba55dc6\" data-element_type=\"widget\" data-widget_type=\"text-editor.default\">\n\t\t\t\t\t\t\t\t\t<ol><li><p><strong>Concentraci\u00f3n en Gesti\u00f3n de Proyectos<br \/><\/strong>Esta concentraci\u00f3n se centra en las herramientas, metodolog\u00edas y enfoques necesarios para planificar, ejecutar y controlar proyectos de manera eficiente. Los estudiantes aprender\u00e1n sobre la gesti\u00f3n del alcance, presupuesto, tiempo, calidad y riesgo, utilizando marcos de trabajo como PMI y metodolog\u00edas \u00e1giles. Esta concentraci\u00f3n prepara a los graduados para liderar proyectos complejos en diversos entornos organizacionales.<\/p><\/li><li><p><strong>Concentraci\u00f3n en Marketing<br \/><\/strong>Dise\u00f1ada para profesionales interesados en comprender y aplicar estrategias de mercado, esta concentraci\u00f3n aborda temas como an\u00e1lisis del consumidor, desarrollo de marca, marketing digital y estrategias globales. Los estudiantes adquirir\u00e1n las habilidades necesarias para dise\u00f1ar campa\u00f1as de marketing efectivas y alinear los esfuerzos comerciales con las necesidades del mercado y los objetivos empresariales.<\/p><\/li><li><p><strong>Concentraci\u00f3n en Gesti\u00f3n<br \/><\/strong>Centrada en el liderazgo y la gesti\u00f3n organizacional, esta concentraci\u00f3n cubre \u00e1reas clave como la toma de decisiones, el comportamiento organizacional, la gesti\u00f3n del cambio y la mejora continua. Los estudiantes aprender\u00e1n a dise\u00f1ar e implementar estrategias para optimizar el desempe\u00f1o organizacional, liderar equipos y fomentar una cultura empresarial innovadora.<\/p><\/li><\/ol>\t\t\t\t\t\t\t\t<\/div>\n\t\t\t\t<\/div>\n\t\t\t\t\t<\/div>\n\t\t\t\t<\/div>\n\t\t<div class=\"elementor-element elementor-element-bca7576 e-flex e-con-boxed e-con e-parent\" data-id=\"bca7576\" data-element_type=\"container\">\n\t\t\t\t\t<div class=\"e-con-inner\">\n\t\t<div class=\"elementor-element elementor-element-5e6114e e-con-full e-flex e-con e-child\" data-id=\"5e6114e\" data-element_type=\"container\">\n\t\t\t\t<div class=\"elementor-element elementor-element-13f2e34 elementor-widget elementor-widget-heading\" data-id=\"13f2e34\" data-element_type=\"widget\" data-widget_type=\"heading.default\">\n\t\t\t\t\t<h2 class=\"elementor-heading-title elementor-size-default\">Objetivos del Programa<\/h2>\t\t\t\t<\/div>\n\t\t\t\t<div class=\"elementor-element elementor-element-70d5d64 elementor-widget elementor-widget-text-editor\" data-id=\"70d5d64\" data-element_type=\"widget\" data-widget_type=\"text-editor.default\">\n\t\t\t\t\t\t\t\t\t<p>Los graduados de la Maestr\u00eda estar\u00e1n en capacidad de:<\/p><ul><li>Proporcionar conocimientos integrales sobre las funciones empresariales clave y su interconexi\u00f3n en la toma de decisiones estrat\u00e9gicas.<\/li><li>Capacitar a los estudiantes en el an\u00e1lisis cr\u00edtico y la resoluci\u00f3n de problemas complejos en diversos contextos organizacionales.<\/li><li>Fomentar habilidades de liderazgo, comunicaci\u00f3n y trabajo en equipo para liderar iniciativas y gestionar equipos de alto rendimiento.<\/li><li>Impulsar la capacidad para implementar soluciones innovadoras y sostenibles alineadas con los objetivos organizacionales.<\/li><li>Preparar graduados para roles de liderazgo en un amplio espectro de industrias y sectores.<\/li><\/ul>\t\t\t\t\t\t\t\t<\/div>\n\t\t\t\t<div class=\"elementor-element elementor-element-28d5eaa elementor-widget elementor-widget-button\" data-id=\"28d5eaa\" data-element_type=\"widget\" data-widget_type=\"button.default\">\n\t\t\t\t\t\t\t\t\t\t<a class=\"elementor-button elementor-button-link elementor-size-sm\" href=\"#cta\">\n\t\t\t\t\t\t<span class=\"elementor-button-content-wrapper\">\n\t\t\t\t\t\t\t\t\t<span class=\"elementor-button-text\">Ver Mas<\/span>\n\t\t\t\t\t<\/span>\n\t\t\t\t\t<\/a>\n\t\t\t\t\t\t\t\t<\/div>\n\t\t\t\t<\/div>\n\t\t<div class=\"elementor-element elementor-element-e8db7d6 e-con-full e-flex e-con e-child\" data-id=\"e8db7d6\" data-element_type=\"container\">\n\t\t\t\t<div class=\"elementor-element elementor-element-137407a elementor-widget elementor-widget-image\" data-id=\"137407a\" data-element_type=\"widget\" data-settings=\"{&quot;sticky&quot;:&quot;top&quot;,&quot;sticky_offset&quot;:10,&quot;sticky_effects_offset&quot;:10,&quot;sticky_parent&quot;:&quot;yes&quot;,&quot;sticky_on&quot;:[&quot;desktop&quot;,&quot;tablet&quot;,&quot;mobile&quot;],&quot;sticky_anchor_link_offset&quot;:0}\" data-widget_type=\"image.default\">\n\t\t\t\t\t\t\t\t\t\t\t\t\t\t\t<img fetchpriority=\"high\" decoding=\"async\" width=\"800\" height=\"450\" src=\"https:\/\/www.iclick.university\/wp-content\/uploads\/2025\/10\/shutterstock_2552026011-1024x576.webp\" class=\"attachment-large size-large wp-image-127\" alt=\"\" srcset=\"https:\/\/www.iclick.university\/wp-content\/uploads\/2025\/10\/shutterstock_2552026011-1024x576.webp 1024w, https:\/\/www.iclick.university\/wp-content\/uploads\/2025\/10\/shutterstock_2552026011-300x169.webp 300w, https:\/\/www.iclick.university\/wp-content\/uploads\/2025\/10\/shutterstock_2552026011-768x432.webp 768w, https:\/\/www.iclick.university\/wp-content\/uploads\/2025\/10\/shutterstock_2552026011-1536x864.webp 1536w, https:\/\/www.iclick.university\/wp-content\/uploads\/2025\/10\/shutterstock_2552026011.webp 1920w\" sizes=\"(max-width: 800px) 100vw, 800px\" \/>\t\t\t\t\t\t\t\t\t\t\t\t\t\t\t<\/div>\n\t\t\t\t<\/div>\n\t\t\t\t\t<\/div>\n\t\t\t\t<\/div>\n\t\t<div class=\"elementor-element elementor-element-0db668f e-flex e-con-boxed e-con e-parent\" data-id=\"0db668f\" data-element_type=\"container\">\n\t\t\t\t\t<div class=\"e-con-inner\">\n\t\t\t\t<div class=\"elementor-element elementor-element-ae41fcf elementor-widget elementor-widget-heading\" data-id=\"ae41fcf\" data-element_type=\"widget\" data-widget_type=\"heading.default\">\n\t\t\t\t\t<h2 class=\"elementor-heading-title elementor-size-default\">Estructura del Programa\n\n<\/h2>\t\t\t\t<\/div>\n\t\t\t\t<div class=\"elementor-element elementor-element-ae06346 elementor-widget elementor-widget-html\" data-id=\"ae06346\" data-element_type=\"widget\" data-widget_type=\"html.default\">\n\t\t\t\t\t<style>\n    \n    \/* \u2014\u2014\u2014  Base table look (desktop & tablet)  \u2014\u2014\u2014 *\/\ntable {\n  width: 100%;\n  border-collapse: collapse;\n  margin: 20px 0;\n  font-family: 'Roboto', 'Helvetica Neue', Arial, sans-serif;\n  font-size: 16px;\n  color: #333;\n  box-shadow: 0 2px 6px rgba(0, 0, 0, 0.1);\n}\n\ntable thead tr,\ntable tr:first-child {              \/* header row *\/\n  background-color: #021B52;        \/* site\u2019s maroon accent *\/\n  color: #ffffff !important;                      \/* <<< white text per request *\/\n  text-align: left;\n  font-weight: 700;\n}\n\ntable thead tr span,\ntable tr:first-child span {          \n  color: #ffffff;                     \n}\n\ntable th,\ntable td {\n  padding: 12px 15px;\n  border: 1px solid #ddd;\n}\n\ntable tr:nth-child(even) {\n  background-color: #f9f9f9;\n}\n\ntable tr:hover {\n  background-color: #f1f1f1;\n}\n\ntable caption {\n  font-size: 1.3em;\n  margin: 10px 0;\n  font-weight: 500;\n  color: #444;\n}\n\n\/* Highlight \u201cSub\u2011Total\u201d or similar rows *\/\ntable tr td b {\n  color: #800020;\n}\n\n\/* \u2014\u2014\u2014  Mobile optimisation  \u2014\u2014\u2014 *\/\n@media (max-width: 768px) {\n  .table-responsive {\n    width: 100%;\n    overflow-x: auto;   \/* enables sideways scroll if needed *\/\n    -webkit-overflow-scrolling: touch;\n  }\n\n  table {\n    font-size: 14px;     \/* slightly smaller text on small screens *\/\n    min-width: 600px;    \/* keeps columns readable; scroll handles overflow *\/\n  }\n\n  table th,\n  table td {\n    padding: 10px 12px;\n  }\n}\n\n    \n<\/style>\t\t\t\t<\/div>\n\t\t\t\t<div class=\"elementor-element elementor-element-8e79716 e-n-tabs-mobile elementor-widget elementor-widget-n-tabs\" data-id=\"8e79716\" data-element_type=\"widget\" data-widget_type=\"nested-tabs.default\">\n\t\t\t\t\t\t\t<div class=\"e-n-tabs\" data-widget-number=\"149395222\" aria-label=\"Pesta\u00f1as. Abre elementos con Intro o Espacio, ci\u00e9rralos con Escape y navega con las fechas.\">\n\t\t\t<div class=\"e-n-tabs-heading\" role=\"tablist\">\n\t\t\t\t\t<button id=\"e-n-tab-title-1493952221\" class=\"e-n-tab-title\" aria-selected=\"true\" data-tab-index=\"1\" role=\"tab\" tabindex=\"0\" aria-controls=\"e-n-tab-content-1493952221\" style=\"--n-tabs-title-order: 1;\">\n\t\t\t\t\t\t<span class=\"e-n-tab-title-text\">\n\t\t\t\tCURSOS B\u00c1SICOS OBLIGATORIOS\t\t\t<\/span>\n\t\t<\/button>\n\t\t\t\t\t<\/div>\n\t\t\t<div class=\"e-n-tabs-content\">\n\t\t\t\t<div id=\"e-n-tab-content-1493952221\" role=\"tabpanel\" aria-labelledby=\"e-n-tab-title-1493952221\" data-tab-index=\"1\" style=\"--n-tabs-title-order: 1;\" class=\"e-active elementor-element elementor-element-0dfa7e3 e-con-full e-flex e-con e-child\" data-id=\"0dfa7e3\" data-element_type=\"container\">\n\t\t\t\t<div class=\"elementor-element elementor-element-c0c7e3a elementor-widget elementor-widget-text-editor\" data-id=\"c0c7e3a\" data-element_type=\"widget\" data-widget_type=\"text-editor.default\">\n\t\t\t\t\t\t\t\t\t<table border=\"1\"><thead><tr><th>C\u00f3digo del Curso<\/th><th>Nombre del Curso<\/th><th>Horas Cr\u00e9dito<\/th><\/tr><\/thead><tbody><tr><td style=\"text-align: center; font-weight: bold;\" colspan=\"3\">CURSOS B\u00c1SICOS OBLIGATORIOS<\/td><\/tr><tr><td>ORG505<\/td><td>Gesti\u00f3n Organizacional<\/td><td>3<\/td><\/tr><tr><td>PRO505<\/td><td>Fundamentos de Gesti\u00f3n y Desarrollo de Proyectos<\/td><td>3<\/td><\/tr><tr><td>MAN510<\/td><td>Gesti\u00f3n Estrat\u00e9gica<\/td><td>3<\/td><\/tr><tr><td>MKT505<\/td><td>Canales de Marketing Estrat\u00e9gico y Log\u00edstica<\/td><td>3<\/td><\/tr><tr><td>PRO510<\/td><td>Fundamentos de la Gesti\u00f3n de Proyectos<\/td><td>3<\/td><\/tr><tr><td>FIN505<\/td><td>Toma de Decisiones Financieras<\/td><td>3<\/td><\/tr><tr><td>MAN515<\/td><td>Gesti\u00f3n de Costos y Presupuestos<\/td><td>3<\/td><\/tr><tr><td>MAN520<\/td><td>Transformaci\u00f3n Digital: Comercio Electr\u00f3nico y Negocios Digitales<\/td><td>3<\/td><\/tr><tr><td style=\"font-weight: bold;\" colspan=\"2\">Subtotal Cursos B\u00e1sicos<\/td><td style=\"font-weight: bold;\">24<\/td><\/tr><tr><td style=\"text-align: center; font-weight: bold;\" colspan=\"3\">CONCENTRACI\u00d3N EN GESTI\u00d3N DE PROYECTOS<\/td><\/tr><tr><td>PRO605<\/td><td>Evaluaci\u00f3n de Riesgos Financieros en Proyectos<\/td><td>3<\/td><\/tr><tr><td>PRO610<\/td><td>Gesti\u00f3n de Proyectos y Estrategia Empresarial<\/td><td>3<\/td><\/tr><tr><td>PRO615<\/td><td>Gesti\u00f3n de Proyectos Digitales<\/td><td>3<\/td><\/tr><tr><td>PRO620<\/td><td>Inteligencia Artificial y Big Data en la Gesti\u00f3n de Proyectos<\/td><td>3<\/td><\/tr><tr><td style=\"font-weight: bold;\" colspan=\"2\">Subtotal Gesti\u00f3n de Proyectos<\/td><td style=\"font-weight: bold;\">12<\/td><\/tr><tr><td style=\"text-align: center; font-weight: bold;\" colspan=\"3\">CONCENTRACI\u00d3N EN MARKETING<\/td><\/tr><tr><td>MKT605<\/td><td>Marketing Digital Estrat\u00e9gico<\/td><td>3<\/td><\/tr><tr><td>MKT610<\/td><td>Marketing 4.0: Innovaci\u00f3n y Tecnolog\u00eda en la Estrategia Comercial<\/td><td>3<\/td><\/tr><tr><td>MKT615<\/td><td>Estrategias SEO y SEM<\/td><td>3<\/td><\/tr><tr><td>MKT620<\/td><td>Gesti\u00f3n de Marketing y Creatividad<\/td><td>3<\/td><\/tr><tr><td style=\"font-weight: bold;\" colspan=\"2\">Subtotal Marketing<\/td><td style=\"font-weight: bold;\">12<\/td><\/tr><tr><td style=\"text-align: center; font-weight: bold;\" colspan=\"3\">CONCENTRACI\u00d3N EN GESTI\u00d3N<\/td><\/tr><tr><td>MAN605<\/td><td>Costos Operativos y Decisiones Estrat\u00e9gicas<\/td><td>3<\/td><\/tr><tr><td>MAN610<\/td><td>Gesti\u00f3n en la Era Digital<\/td><td>3<\/td><\/tr><tr><td>MAN615<\/td><td>Estrategias de Gesti\u00f3n en el Contexto Global<\/td><td>3<\/td><\/tr><tr><td>MAN620<\/td><td>Gesti\u00f3n de la Transformaci\u00f3n Digital<\/td><td>3<\/td><\/tr><tr><td style=\"font-weight: bold;\" colspan=\"2\">Subtotal Gesti\u00f3n<\/td><td style=\"font-weight: bold;\">12<\/td><\/tr><tr><td style=\"font-weight: bold;\" colspan=\"2\">Total de Horas Cr\u00e9dito<\/td><td style=\"font-weight: bold;\">60<\/td><\/tr><\/tbody><\/table>\t\t\t\t\t\t\t\t<\/div>\n\t\t\t\t<\/div>\n\t\t\t\t\t<\/div>\n\t\t<\/div>\n\t\t\t\t\t\t<\/div>\n\t\t\t\t\t<\/div>\n\t\t\t\t<\/div>\n\t\t\t\t<\/div>\n\t\t","protected":false},"excerpt":{"rendered":"<p>Master of Business Administration Descripci\u00f3n del Programa El Master of Business Administration es un programa dise\u00f1ado para formar l\u00edderes empresariales con un enfoque multidisciplinario, capaces de gestionar y dirigir proyectos, operaciones y estrategias en un entorno empresarial din\u00e1mico. Los estudiantes desarrollar\u00e1n habilidades anal\u00edticas, estrat\u00e9gicas y de liderazgo, prepar\u00e1ndose para enfrentar los desaf\u00edos actuales y futuros [&hellip;]<\/p>\n","protected":false},"author":1,"featured_media":0,"parent":0,"menu_order":0,"comment_status":"closed","ping_status":"closed","template":"","meta":{"footnotes":""},"class_list":["post-203","page","type-page","status-publish","hentry"],"yoast_head":"<!-- This site is optimized with the Yoast SEO plugin v26.4 - https:\/\/yoast.com\/wordpress\/plugins\/seo\/ -->\n<title>Master of Business Administration - iClick University<\/title>\n<meta name=\"robots\" content=\"noindex, follow, max-snippet:-1, max-image-preview:large, max-video-preview:-1\" \/>\n<meta property=\"og:locale\" content=\"es_ES\" \/>\n<meta property=\"og:type\" content=\"article\" \/>\n<meta property=\"og:title\" content=\"Master of Business Administration - iClick University\" \/>\n<meta property=\"og:description\" content=\"Master of Business Administration Descripci\u00f3n del Programa El Master of Business Administration es un programa dise\u00f1ado para formar l\u00edderes empresariales con un enfoque multidisciplinario, capaces de gestionar y dirigir proyectos, operaciones y estrategias en un entorno empresarial din\u00e1mico. Los estudiantes desarrollar\u00e1n habilidades anal\u00edticas, estrat\u00e9gicas y de liderazgo, prepar\u00e1ndose para enfrentar los desaf\u00edos actuales y futuros [&hellip;]\" \/>\n<meta property=\"og:url\" content=\"https:\/\/www.iclick.university\/associate-of-business-administration-4\/?lang=es\" \/>\n<meta property=\"og:site_name\" content=\"iClick University\" \/>\n<meta property=\"article:modified_time\" content=\"2025-10-19T21:47:03+00:00\" \/>\n<meta property=\"og:image\" content=\"https:\/\/www.iclick.university\/wp-content\/uploads\/2025\/10\/shutterstock_2552026011.webp\" \/>\n\t<meta property=\"og:image:width\" content=\"1920\" \/>\n\t<meta property=\"og:image:height\" content=\"1080\" \/>\n\t<meta property=\"og:image:type\" content=\"image\/webp\" \/>\n<meta name=\"twitter:card\" content=\"summary_large_image\" \/>\n<meta name=\"twitter:label1\" content=\"Tiempo de lectura\" \/>\n\t<meta name=\"twitter:data1\" content=\"4 minutos\" \/>\n<script type=\"application\/ld+json\" class=\"yoast-schema-graph\">{\"@context\":\"https:\/\/schema.org\",\"@graph\":[{\"@type\":\"WebPage\",\"@id\":\"https:\/\/www.iclick.university\/associate-of-business-administration-4\/?lang=es\",\"url\":\"https:\/\/www.iclick.university\/associate-of-business-administration-4\/?lang=es\",\"name\":\"Master of Business Administration - iClick University\",\"isPartOf\":{\"@id\":\"https:\/\/www.iclick.university\/#website\"},\"primaryImageOfPage\":{\"@id\":\"https:\/\/www.iclick.university\/associate-of-business-administration-4\/?lang=es#primaryimage\"},\"image\":{\"@id\":\"https:\/\/www.iclick.university\/associate-of-business-administration-4\/?lang=es#primaryimage\"},\"thumbnailUrl\":\"https:\/\/www.iclick.university\/wp-content\/uploads\/2025\/10\/shutterstock_2552026011-1024x576.webp\",\"datePublished\":\"2025-10-18T21:06:18+00:00\",\"dateModified\":\"2025-10-19T21:47:03+00:00\",\"breadcrumb\":{\"@id\":\"https:\/\/www.iclick.university\/associate-of-business-administration-4\/?lang=es#breadcrumb\"},\"inLanguage\":\"es\",\"potentialAction\":[{\"@type\":\"ReadAction\",\"target\":[\"https:\/\/www.iclick.university\/associate-of-business-administration-4\/?lang=es\"]}]},{\"@type\":\"ImageObject\",\"inLanguage\":\"es\",\"@id\":\"https:\/\/www.iclick.university\/associate-of-business-administration-4\/?lang=es#primaryimage\",\"url\":\"https:\/\/www.iclick.university\/wp-content\/uploads\/2025\/10\/shutterstock_2552026011-1024x576.webp\",\"contentUrl\":\"https:\/\/www.iclick.university\/wp-content\/uploads\/2025\/10\/shutterstock_2552026011-1024x576.webp\"},{\"@type\":\"BreadcrumbList\",\"@id\":\"https:\/\/www.iclick.university\/associate-of-business-administration-4\/?lang=es#breadcrumb\",\"itemListElement\":[{\"@type\":\"ListItem\",\"position\":1,\"name\":\"Home\",\"item\":\"https:\/\/www.iclick.university\/\"},{\"@type\":\"ListItem\",\"position\":2,\"name\":\"Master of Business Administration\"}]},{\"@type\":\"WebSite\",\"@id\":\"https:\/\/www.iclick.university\/#website\",\"url\":\"https:\/\/www.iclick.university\/\",\"name\":\"iClick University\",\"description\":\"\",\"publisher\":{\"@id\":\"https:\/\/www.iclick.university\/#organization\"},\"potentialAction\":[{\"@type\":\"SearchAction\",\"target\":{\"@type\":\"EntryPoint\",\"urlTemplate\":\"https:\/\/www.iclick.university\/?s={search_term_string}\"},\"query-input\":{\"@type\":\"PropertyValueSpecification\",\"valueRequired\":true,\"valueName\":\"search_term_string\"}}],\"inLanguage\":\"es\"},{\"@type\":\"Organization\",\"@id\":\"https:\/\/www.iclick.university\/#organization\",\"name\":\"iClick University\",\"url\":\"https:\/\/www.iclick.university\/\",\"logo\":{\"@type\":\"ImageObject\",\"inLanguage\":\"es\",\"@id\":\"https:\/\/www.iclick.university\/#\/schema\/logo\/image\/\",\"url\":\"https:\/\/www.iclick.university\/wp-content\/uploads\/2025\/11\/logo-icu-2.png\",\"contentUrl\":\"https:\/\/www.iclick.university\/wp-content\/uploads\/2025\/11\/logo-icu-2.png\",\"width\":801,\"height\":516,\"caption\":\"iClick University\"},\"image\":{\"@id\":\"https:\/\/www.iclick.university\/#\/schema\/logo\/image\/\"}}]}<\/script>\n<!-- \/ Yoast SEO plugin. -->","yoast_head_json":{"title":"Master of Business Administration - iClick University","robots":{"index":"noindex","follow":"follow","max-snippet":"max-snippet:-1","max-image-preview":"max-image-preview:large","max-video-preview":"max-video-preview:-1"},"og_locale":"es_ES","og_type":"article","og_title":"Master of Business Administration - iClick University","og_description":"Master of Business Administration Descripci\u00f3n del Programa El Master of Business Administration es un programa dise\u00f1ado para formar l\u00edderes empresariales con un enfoque multidisciplinario, capaces de gestionar y dirigir proyectos, operaciones y estrategias en un entorno empresarial din\u00e1mico. Los estudiantes desarrollar\u00e1n habilidades anal\u00edticas, estrat\u00e9gicas y de liderazgo, prepar\u00e1ndose para enfrentar los desaf\u00edos actuales y futuros [&hellip;]","og_url":"https:\/\/www.iclick.university\/associate-of-business-administration-4\/?lang=es","og_site_name":"iClick University","article_modified_time":"2025-10-19T21:47:03+00:00","og_image":[{"width":1920,"height":1080,"url":"https:\/\/www.iclick.university\/wp-content\/uploads\/2025\/10\/shutterstock_2552026011.webp","type":"image\/webp"}],"twitter_card":"summary_large_image","twitter_misc":{"Tiempo de lectura":"4 minutos"},"schema":{"@context":"https:\/\/schema.org","@graph":[{"@type":"WebPage","@id":"https:\/\/www.iclick.university\/associate-of-business-administration-4\/?lang=es","url":"https:\/\/www.iclick.university\/associate-of-business-administration-4\/?lang=es","name":"Master of Business Administration - iClick University","isPartOf":{"@id":"https:\/\/www.iclick.university\/#website"},"primaryImageOfPage":{"@id":"https:\/\/www.iclick.university\/associate-of-business-administration-4\/?lang=es#primaryimage"},"image":{"@id":"https:\/\/www.iclick.university\/associate-of-business-administration-4\/?lang=es#primaryimage"},"thumbnailUrl":"https:\/\/www.iclick.university\/wp-content\/uploads\/2025\/10\/shutterstock_2552026011-1024x576.webp","datePublished":"2025-10-18T21:06:18+00:00","dateModified":"2025-10-19T21:47:03+00:00","breadcrumb":{"@id":"https:\/\/www.iclick.university\/associate-of-business-administration-4\/?lang=es#breadcrumb"},"inLanguage":"es","potentialAction":[{"@type":"ReadAction","target":["https:\/\/www.iclick.university\/associate-of-business-administration-4\/?lang=es"]}]},{"@type":"ImageObject","inLanguage":"es","@id":"https:\/\/www.iclick.university\/associate-of-business-administration-4\/?lang=es#primaryimage","url":"https:\/\/www.iclick.university\/wp-content\/uploads\/2025\/10\/shutterstock_2552026011-1024x576.webp","contentUrl":"https:\/\/www.iclick.university\/wp-content\/uploads\/2025\/10\/shutterstock_2552026011-1024x576.webp"},{"@type":"BreadcrumbList","@id":"https:\/\/www.iclick.university\/associate-of-business-administration-4\/?lang=es#breadcrumb","itemListElement":[{"@type":"ListItem","position":1,"name":"Home","item":"https:\/\/www.iclick.university\/"},{"@type":"ListItem","position":2,"name":"Master of Business Administration"}]},{"@type":"WebSite","@id":"https:\/\/www.iclick.university\/#website","url":"https:\/\/www.iclick.university\/","name":"iClick University","description":"","publisher":{"@id":"https:\/\/www.iclick.university\/#organization"},"potentialAction":[{"@type":"SearchAction","target":{"@type":"EntryPoint","urlTemplate":"https:\/\/www.iclick.university\/?s={search_term_string}"},"query-input":{"@type":"PropertyValueSpecification","valueRequired":true,"valueName":"search_term_string"}}],"inLanguage":"es"},{"@type":"Organization","@id":"https:\/\/www.iclick.university\/#organization","name":"iClick University","url":"https:\/\/www.iclick.university\/","logo":{"@type":"ImageObject","inLanguage":"es","@id":"https:\/\/www.iclick.university\/#\/schema\/logo\/image\/","url":"https:\/\/www.iclick.university\/wp-content\/uploads\/2025\/11\/logo-icu-2.png","contentUrl":"https:\/\/www.iclick.university\/wp-content\/uploads\/2025\/11\/logo-icu-2.png","width":801,"height":516,"caption":"iClick University"},"image":{"@id":"https:\/\/www.iclick.university\/#\/schema\/logo\/image\/"}}]}},"_links":{"self":[{"href":"https:\/\/www.iclick.university\/es\/wp-json\/wp\/v2\/pages\/203","targetHints":{"allow":["GET"]}}],"collection":[{"href":"https:\/\/www.iclick.university\/es\/wp-json\/wp\/v2\/pages"}],"about":[{"href":"https:\/\/www.iclick.university\/es\/wp-json\/wp\/v2\/types\/page"}],"author":[{"embeddable":true,"href":"https:\/\/www.iclick.university\/es\/wp-json\/wp\/v2\/users\/1"}],"replies":[{"embeddable":true,"href":"https:\/\/www.iclick.university\/es\/wp-json\/wp\/v2\/comments?post=203"}],"version-history":[{"count":4,"href":"https:\/\/www.iclick.university\/es\/wp-json\/wp\/v2\/pages\/203\/revisions"}],"predecessor-version":[{"id":335,"href":"https:\/\/www.iclick.university\/es\/wp-json\/wp\/v2\/pages\/203\/revisions\/335"}],"wp:attachment":[{"href":"https:\/\/www.iclick.university\/es\/wp-json\/wp\/v2\/media?parent=203"}],"curies":[{"name":"wp","href":"https:\/\/api.w.org\/{rel}","templated":true}]}}