{"id":200,"date":"2025-10-05T16:24:19","date_gmt":"2025-10-05T14:24:19","guid":{"rendered":"https:\/\/www.iclick.university\/?page_id=200"},"modified":"2025-10-19T22:35:55","modified_gmt":"2025-10-19T20:35:55","slug":"contact","status":"publish","type":"page","link":"https:\/\/www.iclick.university\/es\/contact\/","title":{"rendered":"Contacto"},"content":{"rendered":"\t\t<div data-elementor-type=\"wp-page\" data-elementor-id=\"200\" class=\"elementor elementor-200\" data-elementor-post-type=\"page\">\n\t\t\t\t<div class=\"elementor-element elementor-element-dcb3338 e-flex e-con-boxed e-con e-child\" data-id=\"dcb3338\" data-element_type=\"container\" data-settings=\"{&quot;background_background&quot;:&quot;gradient&quot;}\">\n\t\t\t\t\t<div class=\"e-con-inner\">\n\t\t\t\t<div class=\"elementor-element elementor-element-12fbf65 elementor-widget elementor-widget-heading\" data-id=\"12fbf65\" data-element_type=\"widget\" data-widget_type=\"heading.default\">\n\t\t\t\t\t<h3 class=\"elementor-heading-title elementor-size-default\">Ponte en Contacto<\/h3>\t\t\t\t<\/div>\n\t\t\t\t<div class=\"elementor-element elementor-element-4330f31 elementor-widget elementor-widget-heading\" data-id=\"4330f31\" data-element_type=\"widget\" data-widget_type=\"heading.default\">\n\t\t\t\t\t<h2 class=\"elementor-heading-title elementor-size-default\">Cont\u00e1ctanos<\/h2>\t\t\t\t<\/div>\n\t\t\t\t<div class=\"elementor-element elementor-element-f2ed2d4 elementor-widget-divider--view-line elementor-widget elementor-widget-divider\" data-id=\"f2ed2d4\" data-element_type=\"widget\" data-widget_type=\"divider.default\">\n\t\t\t\t\t\t\t<div class=\"elementor-divider\">\n\t\t\t<span class=\"elementor-divider-separator\">\n\t\t\t\t\t\t<\/span>\n\t\t<\/div>\n\t\t\t\t\t\t<\/div>\n\t\t<div class=\"elementor-element elementor-element-7365d18 e-con-full e-flex e-con e-child\" data-id=\"7365d18\" data-element_type=\"container\" data-settings=\"{&quot;background_background&quot;:&quot;classic&quot;}\">\n\t\t<div class=\"elementor-element elementor-element-1ec5973 e-con-full e-flex e-con e-child\" data-id=\"1ec5973\" data-element_type=\"container\">\n\t\t<div class=\"elementor-element elementor-element-b347a5b e-con-full e-flex e-con e-child\" data-id=\"b347a5b\" data-element_type=\"container\">\n\t\t\t\t<div class=\"elementor-element elementor-element-6d87358 elementor-widget elementor-widget-heading\" data-id=\"6d87358\" data-element_type=\"widget\" data-widget_type=\"heading.default\">\n\t\t\t\t\t<h3 class=\"elementor-heading-title elementor-size-default\">Oficina Central\n\n<\/h3>\t\t\t\t<\/div>\n\t\t\t\t<div class=\"elementor-element elementor-element-e1494c7 elementor-widget elementor-widget-text-editor\" data-id=\"e1494c7\" data-element_type=\"widget\" data-widget_type=\"text-editor.default\">\n\t\t\t\t\t\t\t\t\t<div class=\"elementor-element elementor-element-c02c763 elementor-widget elementor-widget-text-editor\" data-id=\"c02c763\" data-element_type=\"widget\" data-widget_type=\"text-editor.default\"><p class=\"ds-markdown-paragraph\"><strong>iClick University<\/strong><br \/>5201 Waterford District Drive<br \/>9\u00ba piso, Suite 912<br \/>Miami, Florida 33126, EE. UU.<\/p><p class=\"ds-markdown-paragraph\">\ud83d\udcde Tel\u00e9fono: (305) 000 00 00<br \/>\u2709\ufe0f Correo electr\u00f3nico:\u00a0<a href=\"https:\/\/mailto:info@iclickuniversity.edu\/\" target=\"_blank\" rel=\"noopener noreferrer\">info@iclickuniversity.edu<\/a><\/p><\/div>\t\t\t\t\t\t\t\t<\/div>\n\t\t<div class=\"elementor-element elementor-element-7410d6c e-con-full e-flex e-con e-child\" data-id=\"7410d6c\" data-element_type=\"container\">\n\t\t\t\t<div class=\"elementor-element elementor-element-1a0ce5d elementor-widget elementor-widget-heading\" data-id=\"1a0ce5d\" data-element_type=\"widget\" data-widget_type=\"heading.default\">\n\t\t\t\t\t<h3 class=\"elementor-heading-title elementor-size-default\">Horario de Atenci\u00f3n\n\n<\/h3>\t\t\t\t<\/div>\n\t\t\t\t<div class=\"elementor-element elementor-element-221db96 elementor-widget elementor-widget-text-editor\" data-id=\"221db96\" data-element_type=\"widget\" data-widget_type=\"text-editor.default\">\n\t\t\t\t\t\t\t\t\t<div class=\"elementor-element elementor-element-c02c763 elementor-widget elementor-widget-text-editor\" data-id=\"c02c763\" data-element_type=\"widget\" data-widget_type=\"text-editor.default\"><p class=\"ds-markdown-paragraph\">Lunes a Viernes: 9:00 AM \u2013 5:00 PM (Hora del Este)<br \/>Cerrado los fines de semana y d\u00edas festivos universitarios.<\/p><p class=\"ds-markdown-paragraph\">Para asistencia t\u00e9cnica, nuestro equipo de Soporte T\u00e9cnico 24\/7 est\u00e1 disponible a trav\u00e9s de la mesa de ayuda en l\u00ednea o por correo electr\u00f3nico a\u00a0<a href=\"https:\/\/mailto:support@iclickuniversity.edu\/\" target=\"_blank\" rel=\"noopener noreferrer\">support@iclickuniversity.edu<\/a>.<\/p><\/div>\t\t\t\t\t\t\t\t<\/div>\n\t\t\t\t<\/div>\n\t\t\t\t<\/div>\n\t\t<div class=\"elementor-element elementor-element-fa279ce e-con-full e-flex e-con e-child\" data-id=\"fa279ce\" data-element_type=\"container\">\n\t\t\t\t<div class=\"elementor-element elementor-element-06eeb83 elementor-widget elementor-widget-heading\" data-id=\"06eeb83\" data-element_type=\"widget\" data-widget_type=\"heading.default\">\n\t\t\t\t\t<h3 class=\"elementor-heading-title elementor-size-default\">Departamentos y Contactos Directos\n\n<\/h3>\t\t\t\t<\/div>\n\t\t\t\t<div class=\"elementor-element elementor-element-638cc50 elementor-widget elementor-widget-text-editor\" data-id=\"638cc50\" data-element_type=\"widget\" data-widget_type=\"text-editor.default\">\n\t\t\t\t\t\t\t\t\t<p class=\"ds-markdown-paragraph\"><strong>Oficina de Admisiones<\/strong><br \/>\ud83d\udce7\u00a0<a href=\"https:\/\/mailto:admissions@iclickuniversity.edu\/\" target=\"_blank\" rel=\"noopener noreferrer\">admissions@iclickuniversity.edu<\/a><br \/><em>Para consultas sobre solicitudes, requisitos o cr\u00e9ditos transferidos.<\/em><\/p><p class=\"ds-markdown-paragraph\"><strong>Servicios Estudiantiles<\/strong><br \/>\ud83d\udce7\u00a0<a href=\"https:\/\/mailto:studentsupport@iclickuniversity.edu\/\" target=\"_blank\" rel=\"noopener noreferrer\">studentsupport@iclickuniversity.edu<\/a><br \/><em>Asesoramiento acad\u00e9mico, consejer\u00eda y soporte para el aprendizaje en l\u00ednea.<\/em><\/p><p class=\"ds-markdown-paragraph\"><strong>Oficina Financiera<\/strong><br \/>\ud83d\udce7\u00a0<a href=\"https:\/\/mailto:finance@iclickuniversity.edu\/\" target=\"_blank\" rel=\"noopener noreferrer\">finance@iclickuniversity.edu<\/a><br \/><em>Colegiatura, planes de pago y reembolsos.<\/em><\/p><p class=\"ds-markdown-paragraph\"><strong>Servicios de Carrera Profesional<\/strong><br \/>\ud83d\udce7\u00a0<a href=\"https:\/\/mailto:careers@iclickuniversity.edu\/\" target=\"_blank\" rel=\"noopener noreferrer\">careers@iclickuniversity.edu<\/a><br \/><em>Ayuda con curr\u00edculums, colocaci\u00f3n laboral y desarrollo profesional.<\/em><\/p>\t\t\t\t\t\t\t\t<\/div>\n\t\t\t\t<\/div>\n\t\t\t\t<\/div>\n\t\t\t\t<\/div>\n\t\t\t\t\t<\/div>\n\t\t\t\t<\/div>\n\t\t\t\t<\/div>\n\t\t","protected":false},"excerpt":{"rendered":"<p>Ponte en Contacto Cont\u00e1ctanos Oficina Central iClick University5201 Waterford District Drive9\u00ba piso, Suite 912Miami, Florida 33126, EE. UU. \ud83d\udcde Tel\u00e9fono: (305) 000 00 00\u2709\ufe0f Correo electr\u00f3nico:\u00a0info@iclickuniversity.edu Horario de Atenci\u00f3n Lunes a Viernes: 9:00 AM \u2013 5:00 PM (Hora del Este)Cerrado los fines de semana y d\u00edas festivos universitarios. Para asistencia t\u00e9cnica, nuestro equipo de Soporte [&hellip;]<\/p>\n","protected":false},"author":1,"featured_media":0,"parent":0,"menu_order":0,"comment_status":"closed","ping_status":"closed","template":"","meta":{"footnotes":""},"class_list":["post-200","page","type-page","status-publish","hentry"],"yoast_head":"<!-- This site is optimized with the Yoast SEO plugin v26.4 - https:\/\/yoast.com\/wordpress\/plugins\/seo\/ -->\n<title>Contacto - iClick University<\/title>\n<meta name=\"robots\" content=\"noindex, follow, max-snippet:-1, max-image-preview:large, max-video-preview:-1\" \/>\n<meta property=\"og:locale\" content=\"es_ES\" \/>\n<meta property=\"og:type\" content=\"article\" \/>\n<meta property=\"og:title\" content=\"Contacto - iClick University\" \/>\n<meta property=\"og:description\" content=\"Ponte en Contacto Cont\u00e1ctanos Oficina Central iClick University5201 Waterford District Drive9\u00ba piso, Suite 912Miami, Florida 33126, EE. UU. \ud83d\udcde Tel\u00e9fono: (305) 000 00 00\u2709\ufe0f Correo electr\u00f3nico:\u00a0info@iclickuniversity.edu Horario de Atenci\u00f3n Lunes a Viernes: 9:00 AM \u2013 5:00 PM (Hora del Este)Cerrado los fines de semana y d\u00edas festivos universitarios. Para asistencia t\u00e9cnica, nuestro equipo de Soporte [&hellip;]\" \/>\n<meta property=\"og:url\" content=\"https:\/\/www.iclick.university\/contact\/?lang=es\" \/>\n<meta property=\"og:site_name\" content=\"iClick University\" \/>\n<meta property=\"article:modified_time\" content=\"2025-10-19T20:35:55+00:00\" \/>\n<meta name=\"twitter:card\" content=\"summary_large_image\" \/>\n<meta name=\"twitter:label1\" content=\"Tiempo de lectura\" \/>\n\t<meta name=\"twitter:data1\" content=\"1 minuto\" \/>\n<script type=\"application\/ld+json\" class=\"yoast-schema-graph\">{\"@context\":\"https:\/\/schema.org\",\"@graph\":[{\"@type\":\"WebPage\",\"@id\":\"https:\/\/www.iclick.university\/contact\/?lang=es\",\"url\":\"https:\/\/www.iclick.university\/contact\/?lang=es\",\"name\":\"Contacto - iClick University\",\"isPartOf\":{\"@id\":\"https:\/\/www.iclick.university\/#website\"},\"datePublished\":\"2025-10-05T14:24:19+00:00\",\"dateModified\":\"2025-10-19T20:35:55+00:00\",\"breadcrumb\":{\"@id\":\"https:\/\/www.iclick.university\/contact\/?lang=es#breadcrumb\"},\"inLanguage\":\"es\",\"potentialAction\":[{\"@type\":\"ReadAction\",\"target\":[\"https:\/\/www.iclick.university\/contact\/?lang=es\"]}]},{\"@type\":\"BreadcrumbList\",\"@id\":\"https:\/\/www.iclick.university\/contact\/?lang=es#breadcrumb\",\"itemListElement\":[{\"@type\":\"ListItem\",\"position\":1,\"name\":\"Home\",\"item\":\"https:\/\/www.iclick.university\/\"},{\"@type\":\"ListItem\",\"position\":2,\"name\":\"Contacto\"}]},{\"@type\":\"WebSite\",\"@id\":\"https:\/\/www.iclick.university\/#website\",\"url\":\"https:\/\/www.iclick.university\/\",\"name\":\"iClick University\",\"description\":\"\",\"publisher\":{\"@id\":\"https:\/\/www.iclick.university\/#organization\"},\"potentialAction\":[{\"@type\":\"SearchAction\",\"target\":{\"@type\":\"EntryPoint\",\"urlTemplate\":\"https:\/\/www.iclick.university\/?s={search_term_string}\"},\"query-input\":{\"@type\":\"PropertyValueSpecification\",\"valueRequired\":true,\"valueName\":\"search_term_string\"}}],\"inLanguage\":\"es\"},{\"@type\":\"Organization\",\"@id\":\"https:\/\/www.iclick.university\/#organization\",\"name\":\"iClick University\",\"url\":\"https:\/\/www.iclick.university\/\",\"logo\":{\"@type\":\"ImageObject\",\"inLanguage\":\"es\",\"@id\":\"https:\/\/www.iclick.university\/#\/schema\/logo\/image\/\",\"url\":\"https:\/\/www.iclick.university\/wp-content\/uploads\/2025\/11\/logo-icu-2.png\",\"contentUrl\":\"https:\/\/www.iclick.university\/wp-content\/uploads\/2025\/11\/logo-icu-2.png\",\"width\":801,\"height\":516,\"caption\":\"iClick University\"},\"image\":{\"@id\":\"https:\/\/www.iclick.university\/#\/schema\/logo\/image\/\"}}]}<\/script>\n<!-- \/ Yoast SEO plugin. -->","yoast_head_json":{"title":"Contacto - iClick University","robots":{"index":"noindex","follow":"follow","max-snippet":"max-snippet:-1","max-image-preview":"max-image-preview:large","max-video-preview":"max-video-preview:-1"},"og_locale":"es_ES","og_type":"article","og_title":"Contacto - iClick University","og_description":"Ponte en Contacto Cont\u00e1ctanos Oficina Central iClick University5201 Waterford District Drive9\u00ba piso, Suite 912Miami, Florida 33126, EE. UU. \ud83d\udcde Tel\u00e9fono: (305) 000 00 00\u2709\ufe0f Correo electr\u00f3nico:\u00a0info@iclickuniversity.edu Horario de Atenci\u00f3n Lunes a Viernes: 9:00 AM \u2013 5:00 PM (Hora del Este)Cerrado los fines de semana y d\u00edas festivos universitarios. Para asistencia t\u00e9cnica, nuestro equipo de Soporte [&hellip;]","og_url":"https:\/\/www.iclick.university\/contact\/?lang=es","og_site_name":"iClick University","article_modified_time":"2025-10-19T20:35:55+00:00","twitter_card":"summary_large_image","twitter_misc":{"Tiempo de lectura":"1 minuto"},"schema":{"@context":"https:\/\/schema.org","@graph":[{"@type":"WebPage","@id":"https:\/\/www.iclick.university\/contact\/?lang=es","url":"https:\/\/www.iclick.university\/contact\/?lang=es","name":"Contacto - iClick University","isPartOf":{"@id":"https:\/\/www.iclick.university\/#website"},"datePublished":"2025-10-05T14:24:19+00:00","dateModified":"2025-10-19T20:35:55+00:00","breadcrumb":{"@id":"https:\/\/www.iclick.university\/contact\/?lang=es#breadcrumb"},"inLanguage":"es","potentialAction":[{"@type":"ReadAction","target":["https:\/\/www.iclick.university\/contact\/?lang=es"]}]},{"@type":"BreadcrumbList","@id":"https:\/\/www.iclick.university\/contact\/?lang=es#breadcrumb","itemListElement":[{"@type":"ListItem","position":1,"name":"Home","item":"https:\/\/www.iclick.university\/"},{"@type":"ListItem","position":2,"name":"Contacto"}]},{"@type":"WebSite","@id":"https:\/\/www.iclick.university\/#website","url":"https:\/\/www.iclick.university\/","name":"iClick University","description":"","publisher":{"@id":"https:\/\/www.iclick.university\/#organization"},"potentialAction":[{"@type":"SearchAction","target":{"@type":"EntryPoint","urlTemplate":"https:\/\/www.iclick.university\/?s={search_term_string}"},"query-input":{"@type":"PropertyValueSpecification","valueRequired":true,"valueName":"search_term_string"}}],"inLanguage":"es"},{"@type":"Organization","@id":"https:\/\/www.iclick.university\/#organization","name":"iClick University","url":"https:\/\/www.iclick.university\/","logo":{"@type":"ImageObject","inLanguage":"es","@id":"https:\/\/www.iclick.university\/#\/schema\/logo\/image\/","url":"https:\/\/www.iclick.university\/wp-content\/uploads\/2025\/11\/logo-icu-2.png","contentUrl":"https:\/\/www.iclick.university\/wp-content\/uploads\/2025\/11\/logo-icu-2.png","width":801,"height":516,"caption":"iClick University"},"image":{"@id":"https:\/\/www.iclick.university\/#\/schema\/logo\/image\/"}}]}},"_links":{"self":[{"href":"https:\/\/www.iclick.university\/es\/wp-json\/wp\/v2\/pages\/200","targetHints":{"allow":["GET"]}}],"collection":[{"href":"https:\/\/www.iclick.university\/es\/wp-json\/wp\/v2\/pages"}],"about":[{"href":"https:\/\/www.iclick.university\/es\/wp-json\/wp\/v2\/types\/page"}],"author":[{"embeddable":true,"href":"https:\/\/www.iclick.university\/es\/wp-json\/wp\/v2\/users\/1"}],"replies":[{"embeddable":true,"href":"https:\/\/www.iclick.university\/es\/wp-json\/wp\/v2\/comments?post=200"}],"version-history":[{"count":4,"href":"https:\/\/www.iclick.university\/es\/wp-json\/wp\/v2\/pages\/200\/revisions"}],"predecessor-version":[{"id":298,"href":"https:\/\/www.iclick.university\/es\/wp-json\/wp\/v2\/pages\/200\/revisions\/298"}],"wp:attachment":[{"href":"https:\/\/www.iclick.university\/es\/wp-json\/wp\/v2\/media?parent=200"}],"curies":[{"name":"wp","href":"https:\/\/api.w.org\/{rel}","templated":true}]}}