{"id":192,"date":"2025-10-18T23:06:18","date_gmt":"2025-10-18T21:06:18","guid":{"rendered":"https:\/\/www.iclick.university\/?page_id=192"},"modified":"2025-10-19T22:53:53","modified_gmt":"2025-10-19T20:53:53","slug":"associate-of-business-administration","status":"publish","type":"page","link":"https:\/\/www.iclick.university\/es\/associate-of-business-administration\/","title":{"rendered":"Associate of Business Administration"},"content":{"rendered":"\t\t<div data-elementor-type=\"wp-page\" data-elementor-id=\"192\" class=\"elementor elementor-192\" data-elementor-post-type=\"page\">\n\t\t\t\t<div class=\"elementor-element elementor-element-cd854a5 e-flex e-con-boxed e-con e-parent\" data-id=\"cd854a5\" data-element_type=\"container\" data-settings=\"{&quot;background_background&quot;:&quot;classic&quot;}\">\n\t\t\t\t\t<div class=\"e-con-inner\">\n\t\t<div class=\"elementor-element elementor-element-09ccfbf e-flex e-con-boxed e-con e-child\" data-id=\"09ccfbf\" data-element_type=\"container\">\n\t\t\t\t\t<div class=\"e-con-inner\">\n\t\t\t\t<div class=\"elementor-element elementor-element-d0337cc elementor-widget elementor-widget-heading\" data-id=\"d0337cc\" data-element_type=\"widget\" data-widget_type=\"heading.default\">\n\t\t\t\t\t<h2 class=\"elementor-heading-title elementor-size-default\">Associate Of Business Administration<\/h2>\t\t\t\t<\/div>\n\t\t\t\t\t<\/div>\n\t\t\t\t<\/div>\n\t\t\t\t\t<\/div>\n\t\t\t\t<\/div>\n\t\t<div class=\"elementor-element elementor-element-5d98aae e-flex e-con-boxed e-con e-parent\" data-id=\"5d98aae\" data-element_type=\"container\">\n\t\t\t\t\t<div class=\"e-con-inner\">\n\t\t<div class=\"elementor-element elementor-element-5a66fc4 e-con-full e-flex e-con e-child\" data-id=\"5a66fc4\" data-element_type=\"container\">\n\t\t\t\t<div class=\"elementor-element elementor-element-4f3fe69 elementor-widget elementor-widget-heading\" data-id=\"4f3fe69\" data-element_type=\"widget\" data-widget_type=\"heading.default\">\n\t\t\t\t\t<h2 class=\"elementor-heading-title elementor-size-default\">Descripci\u00f3n del programa<\/h2>\t\t\t\t<\/div>\n\t\t\t\t<div class=\"elementor-element elementor-element-9f33a51 elementor-widget elementor-widget-text-editor\" data-id=\"9f33a51\" data-element_type=\"widget\" data-widget_type=\"text-editor.default\">\n\t\t\t\t\t\t\t\t\t<p class=\"ds-markdown-paragraph\">El Grado Asociado en Administraci\u00f3n de Empresas es un programa dise\u00f1ado para brindar a los estudiantes una base s\u00f3lida y pr\u00e1ctica en los principios esenciales de la administraci\u00f3n de empresas. Este programa combina la teor\u00eda y la pr\u00e1ctica, preparando a los estudiantes para comprender los procesos empresariales y su impacto en las organizaciones y la sociedad.<\/p><p class=\"ds-markdown-paragraph\">A trav\u00e9s de una combinaci\u00f3n de cursos en contabilidad, econom\u00eda, marketing, finanzas y gesti\u00f3n, los estudiantes desarrollan habilidades anal\u00edticas y de resoluci\u00f3n de problemas, as\u00ed como competencias en comunicaci\u00f3n y toma de decisiones. Este t\u00edtulo tambi\u00e9n sirve como puerta de entrada para avanzar en estudios de pregrado, permitiendo a los estudiantes transferir cr\u00e9ditos y continuar su camino hacia una carrera profesional m\u00e1s especializada en \u00e1reas como la gesti\u00f3n, las finanzas, el marketing o el emprendimiento.<\/p><p class=\"ds-markdown-paragraph\">El programa est\u00e1 dise\u00f1ado tanto para quienes buscan ingresar al mercado laboral en roles de nivel inicial como para aquellos interesados en fortalecer su comprensi\u00f3n de los negocios en un contexto globalizado y din\u00e1mico.<\/p>\t\t\t\t\t\t\t\t<\/div>\n\t\t\t\t<\/div>\n\t\t\t\t\t<\/div>\n\t\t\t\t<\/div>\n\t\t<div class=\"elementor-element elementor-element-bca7576 e-flex e-con-boxed e-con e-parent\" data-id=\"bca7576\" data-element_type=\"container\">\n\t\t\t\t\t<div class=\"e-con-inner\">\n\t\t<div class=\"elementor-element elementor-element-5e6114e e-con-full e-flex e-con e-child\" data-id=\"5e6114e\" data-element_type=\"container\">\n\t\t\t\t<div class=\"elementor-element elementor-element-0ebb4dd elementor-widget elementor-widget-heading\" data-id=\"0ebb4dd\" data-element_type=\"widget\" data-widget_type=\"heading.default\">\n\t\t\t\t\t<h2 class=\"elementor-heading-title elementor-size-default\">Objetivos del Programa<\/h2>\t\t\t\t<\/div>\n\t\t\t\t<div class=\"elementor-element elementor-element-70d5d64 elementor-widget elementor-widget-text-editor\" data-id=\"70d5d64\" data-element_type=\"widget\" data-widget_type=\"text-editor.default\">\n\t\t\t\t\t\t\t\t\t<p class=\"ds-markdown-paragraph\">Los graduados del Grado Asociado est\u00e1n en capacidad de:<\/p><ul><li><p class=\"ds-markdown-paragraph\">Establecer una base s\u00f3lida en las \u00e1reas fundamentales de los negocios: Proporcionar conocimientos b\u00e1sicos en contabilidad, econom\u00eda, marketing, gesti\u00f3n, finanzas y tecnolog\u00eda aplicada a los negocios.<\/p><\/li><li><p class=\"ds-markdown-paragraph\">Desarrollar habilidades pr\u00e1cticas: Capacitar a los estudiantes en el uso de herramientas y t\u00e9cnicas empresariales necesarias para la toma de decisiones efectiva y la resoluci\u00f3n de problemas organizacionales.<\/p><\/li><li><p class=\"ds-markdown-paragraph\">Prepararse para el mercado laboral: Dotar a los estudiantes de habilidades pr\u00e1cticas y competencias interpersonales para desempe\u00f1arse en roles de gesti\u00f3n de nivel inicial en diversas industrias.<\/p><\/li><li><p class=\"ds-markdown-paragraph\">Fomentar el pensamiento cr\u00edtico y \u00e9tico: Promover una comprensi\u00f3n anal\u00edtica y \u00e9tica de los negocios en el contexto de un entorno empresarial din\u00e1mico y global.<\/p><\/li><li><p class=\"ds-markdown-paragraph\">Apoyar la continuidad educativa: Facilitar la transferencia de cr\u00e9ditos para estudios de nivel superior, ayudando a los estudiantes a avanzar hacia programas de licenciatura en administraci\u00f3n u otras \u00e1reas afines.<\/p><\/li><li><p class=\"ds-markdown-paragraph\">Impulsar el desarrollo personal y profesional: Enfatizar la importancia de habilidades como la comunicaci\u00f3n efectiva, el trabajo en equipo y el liderazgo en entornos empresariales.<\/p><\/li><\/ul>\t\t\t\t\t\t\t\t<\/div>\n\t\t\t\t<div class=\"elementor-element elementor-element-28d5eaa elementor-widget elementor-widget-button\" data-id=\"28d5eaa\" data-element_type=\"widget\" data-widget_type=\"button.default\">\n\t\t\t\t\t\t\t\t\t\t<a class=\"elementor-button elementor-button-link elementor-size-sm\" href=\"#cta\">\n\t\t\t\t\t\t<span class=\"elementor-button-content-wrapper\">\n\t\t\t\t\t\t\t\t\t<span class=\"elementor-button-text\">Learn More<\/span>\n\t\t\t\t\t<\/span>\n\t\t\t\t\t<\/a>\n\t\t\t\t\t\t\t\t<\/div>\n\t\t\t\t<\/div>\n\t\t<div class=\"elementor-element elementor-element-e8db7d6 e-con-full e-flex e-con e-child\" data-id=\"e8db7d6\" data-element_type=\"container\">\n\t\t\t\t<div class=\"elementor-element elementor-element-137407a elementor-widget elementor-widget-image\" data-id=\"137407a\" data-element_type=\"widget\" data-settings=\"{&quot;sticky&quot;:&quot;top&quot;,&quot;sticky_offset&quot;:10,&quot;sticky_effects_offset&quot;:10,&quot;sticky_parent&quot;:&quot;yes&quot;,&quot;sticky_on&quot;:[&quot;desktop&quot;,&quot;tablet&quot;,&quot;mobile&quot;],&quot;sticky_anchor_link_offset&quot;:0}\" data-widget_type=\"image.default\">\n\t\t\t\t\t\t\t\t\t\t\t\t\t\t\t<img fetchpriority=\"high\" decoding=\"async\" width=\"800\" height=\"450\" src=\"https:\/\/www.iclick.university\/wp-content\/uploads\/2025\/10\/shutterstock_2552026011-1024x576.webp\" class=\"attachment-large size-large wp-image-127\" alt=\"\" srcset=\"https:\/\/www.iclick.university\/wp-content\/uploads\/2025\/10\/shutterstock_2552026011-1024x576.webp 1024w, https:\/\/www.iclick.university\/wp-content\/uploads\/2025\/10\/shutterstock_2552026011-300x169.webp 300w, https:\/\/www.iclick.university\/wp-content\/uploads\/2025\/10\/shutterstock_2552026011-768x432.webp 768w, https:\/\/www.iclick.university\/wp-content\/uploads\/2025\/10\/shutterstock_2552026011-1536x864.webp 1536w, https:\/\/www.iclick.university\/wp-content\/uploads\/2025\/10\/shutterstock_2552026011.webp 1920w\" sizes=\"(max-width: 800px) 100vw, 800px\" \/>\t\t\t\t\t\t\t\t\t\t\t\t\t\t\t<\/div>\n\t\t\t\t<\/div>\n\t\t\t\t\t<\/div>\n\t\t\t\t<\/div>\n\t\t<div class=\"elementor-element elementor-element-0db668f e-flex e-con-boxed e-con e-parent\" data-id=\"0db668f\" data-element_type=\"container\">\n\t\t\t\t\t<div class=\"e-con-inner\">\n\t\t\t\t<div class=\"elementor-element elementor-element-93684ff elementor-widget elementor-widget-heading\" data-id=\"93684ff\" data-element_type=\"widget\" data-widget_type=\"heading.default\">\n\t\t\t\t\t<h2 class=\"elementor-heading-title elementor-size-default\">Estructura del Programa\n<\/h2>\t\t\t\t<\/div>\n\t\t\t\t<div class=\"elementor-element elementor-element-ae06346 elementor-widget elementor-widget-html\" data-id=\"ae06346\" data-element_type=\"widget\" data-widget_type=\"html.default\">\n\t\t\t\t\t<style>\n    \n    \/* \u2014\u2014\u2014  Base table look (desktop & tablet)  \u2014\u2014\u2014 *\/\ntable {\n  width: 100%;\n  border-collapse: collapse;\n  margin: 20px 0;\n  font-family: 'Roboto', 'Helvetica Neue', Arial, sans-serif;\n  font-size: 16px;\n  color: #333;\n  box-shadow: 0 2px 6px rgba(0, 0, 0, 0.1);\n}\n\ntable thead tr,\ntable tr:first-child {              \/* header row *\/\n  background-color: #021B52;        \/* site\u2019s maroon accent *\/\n  color: #ffffff !important;                      \/* <<< white text per request *\/\n  text-align: left;\n  font-weight: 700;\n}\n\ntable thead tr span,\ntable tr:first-child span {          \n  color: #ffffff;                     \n}\n\ntable th,\ntable td {\n  padding: 12px 15px;\n  border: 1px solid #ddd;\n}\n\ntable tr:nth-child(even) {\n  background-color: #f9f9f9;\n}\n\ntable tr:hover {\n  background-color: #f1f1f1;\n}\n\ntable caption {\n  font-size: 1.3em;\n  margin: 10px 0;\n  font-weight: 500;\n  color: #444;\n}\n\n\/* Highlight \u201cSub\u2011Total\u201d or similar rows *\/\ntable tr td b {\n  color: #800020;\n}\n\n\/* \u2014\u2014\u2014  Mobile optimisation  \u2014\u2014\u2014 *\/\n@media (max-width: 768px) {\n  .table-responsive {\n    width: 100%;\n    overflow-x: auto;   \/* enables sideways scroll if needed *\/\n    -webkit-overflow-scrolling: touch;\n  }\n\n  table {\n    font-size: 14px;     \/* slightly smaller text on small screens *\/\n    min-width: 600px;    \/* keeps columns readable; scroll handles overflow *\/\n  }\n\n  table th,\n  table td {\n    padding: 10px 12px;\n  }\n}\n\n    \n<\/style>\t\t\t\t<\/div>\n\t\t\t\t<div class=\"elementor-element elementor-element-8e79716 e-n-tabs-mobile elementor-widget elementor-widget-n-tabs\" data-id=\"8e79716\" data-element_type=\"widget\" data-widget_type=\"nested-tabs.default\">\n\t\t\t\t\t\t\t<div class=\"e-n-tabs\" data-widget-number=\"149395222\" aria-label=\"Pesta\u00f1as. Abre elementos con Intro o Espacio, ci\u00e9rralos con Escape y navega con las fechas.\">\n\t\t\t<div class=\"e-n-tabs-heading\" role=\"tablist\">\n\t\t\t\t\t<button id=\"e-n-tab-title-1493952221\" class=\"e-n-tab-title\" aria-selected=\"true\" data-tab-index=\"1\" role=\"tab\" tabindex=\"0\" aria-controls=\"e-n-tab-content-1493952221\" style=\"--n-tabs-title-order: 1;\">\n\t\t\t\t\t\t<span class=\"e-n-tab-title-text\">\n\t\t\t\tCursos de Educacion general requeridos\t\t\t<\/span>\n\t\t<\/button>\n\t\t\t\t<button id=\"e-n-tab-title-1493952222\" class=\"e-n-tab-title\" aria-selected=\"false\" data-tab-index=\"2\" role=\"tab\" tabindex=\"-1\" aria-controls=\"e-n-tab-content-1493952222\" style=\"--n-tabs-title-order: 2;\">\n\t\t\t\t\t\t<span class=\"e-n-tab-title-text\">\n\t\t\t\tCURSOS B\u00c1SICOS OBLIGATORIOS\t\t\t<\/span>\n\t\t<\/button>\n\t\t\t\t\t<\/div>\n\t\t\t<div class=\"e-n-tabs-content\">\n\t\t\t\t<div id=\"e-n-tab-content-1493952221\" role=\"tabpanel\" aria-labelledby=\"e-n-tab-title-1493952221\" data-tab-index=\"1\" style=\"--n-tabs-title-order: 1;\" class=\"e-active elementor-element elementor-element-e84eb59 e-con-full e-flex e-con e-child\" data-id=\"e84eb59\" data-element_type=\"container\">\n\t\t\t\t<div class=\"elementor-element elementor-element-1ad3d93 elementor-widget elementor-widget-text-editor\" data-id=\"1ad3d93\" data-element_type=\"widget\" data-widget_type=\"text-editor.default\">\n\t\t\t\t\t\t\t\t\t<table border=\"1\"><tbody><tr><th>C\u00f3digo del Curso<\/th><th>Nombre del Curso<\/th><th>Horas Cr\u00e9dito<\/th><\/tr><tr><td>ENG201<\/td><td>Composici\u00f3n en Ingl\u00e9s I<\/td><td>3<\/td><\/tr><tr><td>ALG201<\/td><td>\u00c1lgebra Universitaria<\/td><td>3<\/td><\/tr><tr><td>PSY201<\/td><td>Introducci\u00f3n a la Psicolog\u00eda<\/td><td>3<\/td><\/tr><tr><td>ENV201<\/td><td>Ciencias Ambientales<\/td><td>3<\/td><\/tr><tr><td>STA201<\/td><td>Estad\u00edstica<\/td><td>3<\/td><\/tr><tr><td colspan=\"2\"><strong>Subtotal<\/strong><\/td><td><strong>15<\/strong><\/td><\/tr><\/tbody><\/table>\t\t\t\t\t\t\t\t<\/div>\n\t\t\t\t<\/div>\n\t\t<div id=\"e-n-tab-content-1493952222\" role=\"tabpanel\" aria-labelledby=\"e-n-tab-title-1493952222\" data-tab-index=\"2\" style=\"--n-tabs-title-order: 2;\" class=\" elementor-element elementor-element-0dfa7e3 e-con-full e-flex e-con e-child\" data-id=\"0dfa7e3\" data-element_type=\"container\">\n\t\t\t\t<div class=\"elementor-element elementor-element-c0c7e3a elementor-widget elementor-widget-text-editor\" data-id=\"c0c7e3a\" data-element_type=\"widget\" data-widget_type=\"text-editor.default\">\n\t\t\t\t\t\t\t\t\t<table border=\"1\"><tbody><tr><th>C\u00f3digo del Curso<\/th><th>Nombre del Curso<\/th><th>Horas Cr\u00e9dito<\/th><\/tr><tr><td>BUS301<\/td><td>Introducci\u00f3n a la Administraci\u00f3n de Empresas<\/td><td>3<\/td><\/tr><tr><td>ECO301<\/td><td>Introducci\u00f3n a la Econom\u00eda<\/td><td>3<\/td><\/tr><tr><td>BUS302<\/td><td>Inteligencia de Negocios<\/td><td>3<\/td><\/tr><tr><td>ACC301<\/td><td>Principios de Contabilidad<\/td><td>3<\/td><\/tr><tr><td>MKT301<\/td><td>Fundamentos de Marketing<\/td><td>3<\/td><\/tr><tr><td>BUS305<\/td><td>Derecho Empresarial<\/td><td>3<\/td><\/tr><tr><td>PSY305<\/td><td>Comportamiento Organizacional<\/td><td>3<\/td><\/tr><tr><td>FIN310<\/td><td>Matem\u00e1ticas Financieras<\/td><td>3<\/td><\/tr><tr><td>ACC305<\/td><td>Contabilidad Financiera<\/td><td>3<\/td><\/tr><tr><td>BUS315<\/td><td>Emprendimiento para Negocios<\/td><td>3<\/td><\/tr><tr><td>MIS315<\/td><td>Gesti\u00f3n Presupuestaria Empresarial<\/td><td>3<\/td><\/tr><tr><td>MKT310<\/td><td>Investigaci\u00f3n de Mercados<\/td><td>3<\/td><\/tr><tr><td>HRM305<\/td><td>Gesti\u00f3n de Recursos Humanos<\/td><td>3<\/td><\/tr><tr><td>MIS320<\/td><td>Planificaci\u00f3n Estrat\u00e9gica<\/td><td>3<\/td><\/tr><tr><td>BUS310<\/td><td>Habilidades de Negociaci\u00f3n y Liderazgo<\/td><td>3<\/td><\/tr><tr><td colspan=\"2\"><strong>Subtotal<\/strong><\/td><td><strong>45<\/strong><\/td><\/tr><\/tbody><\/table>\t\t\t\t\t\t\t\t<\/div>\n\t\t\t\t<\/div>\n\t\t\t\t\t<\/div>\n\t\t<\/div>\n\t\t\t\t\t\t<\/div>\n\t\t\t\t\t<\/div>\n\t\t\t\t<\/div>\n\t\t\t\t<\/div>\n\t\t","protected":false},"excerpt":{"rendered":"<p>Associate Of Business Administration Descripci\u00f3n del programa El Grado Asociado en Administraci\u00f3n de Empresas es un programa dise\u00f1ado para brindar a los estudiantes una base s\u00f3lida y pr\u00e1ctica en los principios esenciales de la administraci\u00f3n de empresas. Este programa combina la teor\u00eda y la pr\u00e1ctica, preparando a los estudiantes para comprender los procesos empresariales y [&hellip;]<\/p>\n","protected":false},"author":1,"featured_media":0,"parent":0,"menu_order":0,"comment_status":"closed","ping_status":"closed","template":"","meta":{"footnotes":""},"class_list":["post-192","page","type-page","status-publish","hentry"],"yoast_head":"<!-- This site is optimized with the Yoast SEO plugin v26.4 - https:\/\/yoast.com\/wordpress\/plugins\/seo\/ -->\n<title>Associate of Business Administration - iClick University<\/title>\n<meta name=\"robots\" content=\"noindex, follow, max-snippet:-1, max-image-preview:large, max-video-preview:-1\" \/>\n<meta property=\"og:locale\" content=\"es_ES\" \/>\n<meta property=\"og:type\" content=\"article\" \/>\n<meta property=\"og:title\" content=\"Associate of Business Administration - iClick University\" \/>\n<meta property=\"og:description\" content=\"Associate Of Business Administration Descripci\u00f3n del programa El Grado Asociado en Administraci\u00f3n de Empresas es un programa dise\u00f1ado para brindar a los estudiantes una base s\u00f3lida y pr\u00e1ctica en los principios esenciales de la administraci\u00f3n de empresas. Este programa combina la teor\u00eda y la pr\u00e1ctica, preparando a los estudiantes para comprender los procesos empresariales y [&hellip;]\" \/>\n<meta property=\"og:url\" content=\"https:\/\/www.iclick.university\/associate-of-business-administration\/?lang=es\" \/>\n<meta property=\"og:site_name\" content=\"iClick University\" \/>\n<meta property=\"article:modified_time\" content=\"2025-10-19T20:53:53+00:00\" \/>\n<meta property=\"og:image\" content=\"https:\/\/www.iclick.university\/wp-content\/uploads\/2025\/10\/shutterstock_2552026011.webp\" \/>\n\t<meta property=\"og:image:width\" content=\"1920\" \/>\n\t<meta property=\"og:image:height\" content=\"1080\" \/>\n\t<meta property=\"og:image:type\" content=\"image\/webp\" \/>\n<meta name=\"twitter:card\" content=\"summary_large_image\" \/>\n<meta name=\"twitter:label1\" content=\"Tiempo de lectura\" \/>\n\t<meta name=\"twitter:data1\" content=\"3 minutos\" \/>\n<script type=\"application\/ld+json\" class=\"yoast-schema-graph\">{\"@context\":\"https:\/\/schema.org\",\"@graph\":[{\"@type\":\"WebPage\",\"@id\":\"https:\/\/www.iclick.university\/associate-of-business-administration\/?lang=es\",\"url\":\"https:\/\/www.iclick.university\/associate-of-business-administration\/?lang=es\",\"name\":\"Associate of Business Administration - iClick University\",\"isPartOf\":{\"@id\":\"https:\/\/www.iclick.university\/#website\"},\"primaryImageOfPage\":{\"@id\":\"https:\/\/www.iclick.university\/associate-of-business-administration\/?lang=es#primaryimage\"},\"image\":{\"@id\":\"https:\/\/www.iclick.university\/associate-of-business-administration\/?lang=es#primaryimage\"},\"thumbnailUrl\":\"https:\/\/www.iclick.university\/wp-content\/uploads\/2025\/10\/shutterstock_2552026011-1024x576.webp\",\"datePublished\":\"2025-10-18T21:06:18+00:00\",\"dateModified\":\"2025-10-19T20:53:53+00:00\",\"breadcrumb\":{\"@id\":\"https:\/\/www.iclick.university\/associate-of-business-administration\/?lang=es#breadcrumb\"},\"inLanguage\":\"es\",\"potentialAction\":[{\"@type\":\"ReadAction\",\"target\":[\"https:\/\/www.iclick.university\/associate-of-business-administration\/?lang=es\"]}]},{\"@type\":\"ImageObject\",\"inLanguage\":\"es\",\"@id\":\"https:\/\/www.iclick.university\/associate-of-business-administration\/?lang=es#primaryimage\",\"url\":\"https:\/\/www.iclick.university\/wp-content\/uploads\/2025\/10\/shutterstock_2552026011-1024x576.webp\",\"contentUrl\":\"https:\/\/www.iclick.university\/wp-content\/uploads\/2025\/10\/shutterstock_2552026011-1024x576.webp\"},{\"@type\":\"BreadcrumbList\",\"@id\":\"https:\/\/www.iclick.university\/associate-of-business-administration\/?lang=es#breadcrumb\",\"itemListElement\":[{\"@type\":\"ListItem\",\"position\":1,\"name\":\"Home\",\"item\":\"https:\/\/www.iclick.university\/\"},{\"@type\":\"ListItem\",\"position\":2,\"name\":\"Associate of Business Administration\"}]},{\"@type\":\"WebSite\",\"@id\":\"https:\/\/www.iclick.university\/#website\",\"url\":\"https:\/\/www.iclick.university\/\",\"name\":\"iClick University\",\"description\":\"\",\"publisher\":{\"@id\":\"https:\/\/www.iclick.university\/#organization\"},\"potentialAction\":[{\"@type\":\"SearchAction\",\"target\":{\"@type\":\"EntryPoint\",\"urlTemplate\":\"https:\/\/www.iclick.university\/?s={search_term_string}\"},\"query-input\":{\"@type\":\"PropertyValueSpecification\",\"valueRequired\":true,\"valueName\":\"search_term_string\"}}],\"inLanguage\":\"es\"},{\"@type\":\"Organization\",\"@id\":\"https:\/\/www.iclick.university\/#organization\",\"name\":\"iClick University\",\"url\":\"https:\/\/www.iclick.university\/\",\"logo\":{\"@type\":\"ImageObject\",\"inLanguage\":\"es\",\"@id\":\"https:\/\/www.iclick.university\/#\/schema\/logo\/image\/\",\"url\":\"https:\/\/www.iclick.university\/wp-content\/uploads\/2025\/11\/logo-icu-2.png\",\"contentUrl\":\"https:\/\/www.iclick.university\/wp-content\/uploads\/2025\/11\/logo-icu-2.png\",\"width\":801,\"height\":516,\"caption\":\"iClick University\"},\"image\":{\"@id\":\"https:\/\/www.iclick.university\/#\/schema\/logo\/image\/\"}}]}<\/script>\n<!-- \/ Yoast SEO plugin. -->","yoast_head_json":{"title":"Associate of Business Administration - iClick University","robots":{"index":"noindex","follow":"follow","max-snippet":"max-snippet:-1","max-image-preview":"max-image-preview:large","max-video-preview":"max-video-preview:-1"},"og_locale":"es_ES","og_type":"article","og_title":"Associate of Business Administration - iClick University","og_description":"Associate Of Business Administration Descripci\u00f3n del programa El Grado Asociado en Administraci\u00f3n de Empresas es un programa dise\u00f1ado para brindar a los estudiantes una base s\u00f3lida y pr\u00e1ctica en los principios esenciales de la administraci\u00f3n de empresas. Este programa combina la teor\u00eda y la pr\u00e1ctica, preparando a los estudiantes para comprender los procesos empresariales y [&hellip;]","og_url":"https:\/\/www.iclick.university\/associate-of-business-administration\/?lang=es","og_site_name":"iClick University","article_modified_time":"2025-10-19T20:53:53+00:00","og_image":[{"width":1920,"height":1080,"url":"https:\/\/www.iclick.university\/wp-content\/uploads\/2025\/10\/shutterstock_2552026011.webp","type":"image\/webp"}],"twitter_card":"summary_large_image","twitter_misc":{"Tiempo de lectura":"3 minutos"},"schema":{"@context":"https:\/\/schema.org","@graph":[{"@type":"WebPage","@id":"https:\/\/www.iclick.university\/associate-of-business-administration\/?lang=es","url":"https:\/\/www.iclick.university\/associate-of-business-administration\/?lang=es","name":"Associate of Business Administration - iClick University","isPartOf":{"@id":"https:\/\/www.iclick.university\/#website"},"primaryImageOfPage":{"@id":"https:\/\/www.iclick.university\/associate-of-business-administration\/?lang=es#primaryimage"},"image":{"@id":"https:\/\/www.iclick.university\/associate-of-business-administration\/?lang=es#primaryimage"},"thumbnailUrl":"https:\/\/www.iclick.university\/wp-content\/uploads\/2025\/10\/shutterstock_2552026011-1024x576.webp","datePublished":"2025-10-18T21:06:18+00:00","dateModified":"2025-10-19T20:53:53+00:00","breadcrumb":{"@id":"https:\/\/www.iclick.university\/associate-of-business-administration\/?lang=es#breadcrumb"},"inLanguage":"es","potentialAction":[{"@type":"ReadAction","target":["https:\/\/www.iclick.university\/associate-of-business-administration\/?lang=es"]}]},{"@type":"ImageObject","inLanguage":"es","@id":"https:\/\/www.iclick.university\/associate-of-business-administration\/?lang=es#primaryimage","url":"https:\/\/www.iclick.university\/wp-content\/uploads\/2025\/10\/shutterstock_2552026011-1024x576.webp","contentUrl":"https:\/\/www.iclick.university\/wp-content\/uploads\/2025\/10\/shutterstock_2552026011-1024x576.webp"},{"@type":"BreadcrumbList","@id":"https:\/\/www.iclick.university\/associate-of-business-administration\/?lang=es#breadcrumb","itemListElement":[{"@type":"ListItem","position":1,"name":"Home","item":"https:\/\/www.iclick.university\/"},{"@type":"ListItem","position":2,"name":"Associate of Business Administration"}]},{"@type":"WebSite","@id":"https:\/\/www.iclick.university\/#website","url":"https:\/\/www.iclick.university\/","name":"iClick University","description":"","publisher":{"@id":"https:\/\/www.iclick.university\/#organization"},"potentialAction":[{"@type":"SearchAction","target":{"@type":"EntryPoint","urlTemplate":"https:\/\/www.iclick.university\/?s={search_term_string}"},"query-input":{"@type":"PropertyValueSpecification","valueRequired":true,"valueName":"search_term_string"}}],"inLanguage":"es"},{"@type":"Organization","@id":"https:\/\/www.iclick.university\/#organization","name":"iClick University","url":"https:\/\/www.iclick.university\/","logo":{"@type":"ImageObject","inLanguage":"es","@id":"https:\/\/www.iclick.university\/#\/schema\/logo\/image\/","url":"https:\/\/www.iclick.university\/wp-content\/uploads\/2025\/11\/logo-icu-2.png","contentUrl":"https:\/\/www.iclick.university\/wp-content\/uploads\/2025\/11\/logo-icu-2.png","width":801,"height":516,"caption":"iClick University"},"image":{"@id":"https:\/\/www.iclick.university\/#\/schema\/logo\/image\/"}}]}},"_links":{"self":[{"href":"https:\/\/www.iclick.university\/es\/wp-json\/wp\/v2\/pages\/192","targetHints":{"allow":["GET"]}}],"collection":[{"href":"https:\/\/www.iclick.university\/es\/wp-json\/wp\/v2\/pages"}],"about":[{"href":"https:\/\/www.iclick.university\/es\/wp-json\/wp\/v2\/types\/page"}],"author":[{"embeddable":true,"href":"https:\/\/www.iclick.university\/es\/wp-json\/wp\/v2\/users\/1"}],"replies":[{"embeddable":true,"href":"https:\/\/www.iclick.university\/es\/wp-json\/wp\/v2\/comments?post=192"}],"version-history":[{"count":4,"href":"https:\/\/www.iclick.university\/es\/wp-json\/wp\/v2\/pages\/192\/revisions"}],"predecessor-version":[{"id":306,"href":"https:\/\/www.iclick.university\/es\/wp-json\/wp\/v2\/pages\/192\/revisions\/306"}],"wp:attachment":[{"href":"https:\/\/www.iclick.university\/es\/wp-json\/wp\/v2\/media?parent=192"}],"curies":[{"name":"wp","href":"https:\/\/api.w.org\/{rel}","templated":true}]}}